{"id":16901,"date":"2024-04-28T01:15:46","date_gmt":"2024-04-27T23:15:46","guid":{"rendered":"https:\/\/www.compact-kaeltetechnik.de\/kontact\/"},"modified":"2024-04-29T17:48:07","modified_gmt":"2024-04-29T15:48:07","slug":"kontakt","status":"publish","type":"page","link":"https:\/\/www.compact-kaeltetechnik.de\/pl\/kontakt\/","title":{"rendered":"Kontakt"},"content":{"rendered":"<p><div class=\"fusion-fullwidth fullwidth-box fusion-builder-row-1 fusion-flex-container has-pattern-background has-mask-background fusion-parallax-none nonhundred-percent-fullwidth non-hundred-percent-height-scrolling\" style=\"--awb-background-blend-mode:multiply;--awb-border-radius-top-left:0px;--awb-border-radius-top-right:0px;--awb-border-radius-bottom-right:0px;--awb-border-radius-bottom-left:0px;--awb-padding-top:170px;--awb-padding-bottom:120px;--awb-padding-top-medium:108px;--awb-padding-bottom-medium:90px;--awb-padding-left-medium:41px;--awb-padding-top-small:60px;--awb-padding-right-small:15px;--awb-padding-bottom-small:40px;--awb-padding-left-small:15px;--awb-margin-top:14px;--awb-margin-bottom-medium:0px;--awb-background-color:rgba(35,97,146,0.7);--awb-background-image:url(&quot;https:\/\/www.compact-kaeltetechnik.de\/wp-content\/uploads\/2018\/08\/Sliderbild2_2000x893.jpg&quot;);--awb-background-size:cover;--awb-flex-wrap:wrap;\" data-preload-img=\"https:\/\/www.compact-kaeltetechnik.de\/wp-content\/uploads\/2018\/08\/Sliderbild2_2000x893.jpg\" ><div class=\"fusion-builder-row fusion-row fusion-flex-align-items-flex-start fusion-flex-content-wrap\" style=\"max-width:1248px;margin-left: calc(-4% \/ 2 );margin-right: calc(-4% \/ 2 );\"><div class=\"fusion-layout-column fusion_builder_column fusion-builder-column-0 fusion_builder_column_1_2 1_2 fusion-flex-column\" style=\"--awb-padding-right:19px;--awb-padding-right-medium:34px;--awb-bg-size:cover;--awb-width-large:50%;--awb-margin-top-large:0px;--awb-spacing-right-large:3.84%;--awb-margin-bottom-large:2%;--awb-spacing-left-large:3.84%;--awb-width-medium:75%;--awb-order-medium:0;--awb-spacing-right-medium:2.56%;--awb-spacing-left-medium:5.504%;--awb-width-small:100%;--awb-order-small:0;--awb-spacing-right-small:0%;--awb-spacing-left-small:12px;\"><div class=\"fusion-column-wrapper fusion-column-has-shadow fusion-flex-justify-content-flex-start fusion-content-layout-column\"><div class=\"fusion-title title fusion-title-1 fusion-sep-none fusion-title-text fusion-title-size-one head\" style=\"--awb-text-color:var(--awb-color1);--awb-margin-top-small:0px;--awb-margin-right-small:0px;--awb-margin-bottom-small:20px;--awb-margin-left-small:0px;--awb-font-size:56px;\"><h1 class=\"fusion-title-heading title-heading-left fusion-responsive-typography-calculated\" style=\"margin:0;text-transform:none;font-size:1em;--fontSize:56;line-height:1.3;\">Jak dotrze\u0107<br \/>\ncompact K\u00e4ltetechnik<\/h1><\/div><\/div><\/div><\/div><\/div><div class=\"fusion-fullwidth fullwidth-box fusion-builder-row-2 fusion-flex-container has-pattern-background has-mask-background nonhundred-percent-fullwidth non-hundred-percent-height-scrolling\" style=\"--awb-border-radius-top-left:0px;--awb-border-radius-top-right:0px;--awb-border-radius-bottom-right:0px;--awb-border-radius-bottom-left:0px;--awb-padding-top:20px;--awb-padding-bottom:0px;--awb-padding-top-medium:20px;--awb-padding-right-medium:45px;--awb-padding-left-medium:45px;--awb-padding-top-small:22px;--awb-padding-right-small:25px;--awb-padding-left-small:25px;--awb-margin-top:40px;--awb-margin-top-medium:30px;--awb-margin-top-small:10px;--awb-flex-wrap:wrap;\" ><div class=\"fusion-builder-row fusion-row fusion-flex-align-items-flex-start fusion-flex-justify-content-center fusion-flex-content-wrap\" style=\"max-width:1248px;margin-left: calc(-4% \/ 2 );margin-right: calc(-4% \/ 2 );\"><div class=\"fusion-layout-column fusion_builder_column fusion-builder-column-1 fusion_builder_column_1_1 1_1 fusion-flex-column\" style=\"--awb-bg-size:cover;--awb-width-large:100%;--awb-margin-top-large:0px;--awb-spacing-right-large:2.88%;--awb-margin-bottom-large:0%;--awb-spacing-left-large:2.88%;--awb-width-medium:100%;--awb-order-medium:0;--awb-spacing-right-medium:1.92%;--awb-spacing-left-medium:1.92%;--awb-width-small:100%;--awb-order-small:0;--awb-spacing-right-small:0.096%;--awb-spacing-left-small:0%;\"><div class=\"fusion-column-wrapper fusion-column-has-shadow fusion-flex-justify-content-flex-start fusion-content-layout-column\"><div class=\"fusion-text fusion-text-1\"><p>Masz pytania lub potrzebujesz indywidualnej porady? asi eksperci s\u0105 do Twojej dyspozycji i pomog\u0105 Ci znale\u017a\u0107 optymalne rozwi\u0105zanie ch\u0142odnicze dla Twojej firmy. Skorzystaj z naszego formularza kontaktowego i rozpocznij rozmow\u0119 z compact K\u00e4ltetechnik.<\/p>\n<\/div><\/div><\/div><div class=\"fusion-layout-column fusion_builder_column fusion-builder-column-2 fusion_builder_column_1_1 1_1 fusion-flex-column\" style=\"--awb-padding-right:16px;--awb-padding-left:16px;--awb-padding-right-small:10px;--awb-padding-left-small:10px;--awb-bg-size:cover;--awb-width-large:100%;--awb-margin-top-large:0px;--awb-spacing-right-large:2.88%;--awb-margin-bottom-large:2%;--awb-spacing-left-large:2.88%;--awb-width-medium:100%;--awb-order-medium:0;--awb-spacing-right-medium:1.92%;--awb-spacing-left-medium:1.92%;--awb-width-small:100%;--awb-order-small:0;--awb-spacing-right-small:1.92%;--awb-spacing-left-small:1.92%;\"><div class=\"fusion-column-wrapper fusion-column-has-shadow fusion-flex-justify-content-flex-start fusion-content-layout-column\"><script type=\"text\/javascript\" src=\"\/\/ma.compact-kaeltetechnik.de\/form\/generate.js?id=65\"><\/script><\/div><\/div><\/div><\/div><div class=\"fusion-fullwidth fullwidth-box fusion-builder-row-3 fusion-flex-container nonhundred-percent-fullwidth non-hundred-percent-height-scrolling\" style=\"--awb-border-radius-top-left:0px;--awb-border-radius-top-right:0px;--awb-border-radius-bottom-right:0px;--awb-border-radius-bottom-left:0px;--awb-margin-top:40px;--awb-margin-bottom-medium:69px;--awb-flex-wrap:wrap;\" ><div class=\"fusion-builder-row fusion-row fusion-flex-align-items-flex-start fusion-flex-justify-content-center fusion-flex-content-wrap\" style=\"max-width:1248px;margin-left: calc(-4% \/ 2 );margin-right: calc(-4% \/ 2 );\"><div class=\"fusion-layout-column fusion_builder_column fusion-builder-column-3 fusion_builder_column_1_3 1_3 fusion-flex-column\" style=\"--awb-bg-blend:overlay;--awb-bg-size:cover;--awb-width-large:33.333333333333%;--awb-margin-top-large:0px;--awb-spacing-right-large:5.76%;--awb-margin-bottom-large:40px;--awb-spacing-left-large:5.76%;--awb-width-medium:100%;--awb-spacing-right-medium:1.92%;--awb-spacing-left-medium:1.92%;--awb-width-small:100%;--awb-spacing-right-small:1.92%;--awb-spacing-left-small:1.92%;\"><div class=\"fusion-column-wrapper fusion-flex-justify-content-flex-start fusion-content-layout-column\"><div class=\"fusion-content-boxes content-boxes columns row fusion-columns-1 fusion-columns-total-1 fusion-content-boxes-1 content-boxes-icon-on-side content-left standort\" style=\"--awb-backgroundcolor:var(--awb-custom14);--awb-body-color:var(--awb-color1);--awb-title-color:var(--awb-color1);--awb-iconcolor:#153b5a;--awb-margin-bottom:0px;--awb-hover-accent-color:var(--awb-color1);--awb-circle-hover-accent-color:transparent;--awb-item-margin-bottom:40px;\" data-animationOffset=\"top-into-view\"><div style=\"--awb-backgroundcolor:var(--awb-custom14);--awb-iconcolor:var(--awb-color6);--awb-content-padding-left:62px;\" class=\"fusion-column content-box-column content-box-column content-box-column-1 col-lg-12 col-md-12 col-sm-12 fusion-content-box-hover content-box-column-last content-box-column-last-in-row\"><div class=\"col content-box-wrapper content-wrapper-background link-area-link-icon icon-hover-animation-fade\" data-animationOffset=\"top-into-view\"><div class=\"heading heading-with-icon icon-left\"><div class=\"icon\"><i style=\"background-color:transparent;border-color:transparent;height:auto;width: 42px;line-height:normal;font-size:42px;\" aria-hidden=\"true\" class=\"fontawesome-icon fa-map-marker-alt fas circle-no\"><\/i><\/div><h2 class=\"content-box-heading fusion-responsive-typography-calculated\" style=\"--h2_typography-font-size:18px;--fontSize:18;line-height:1.2;padding-left:62px;\">LOKALIZACJA DREZNO<\/h2><\/div><div class=\"fusion-clearfix\"><\/div><div class=\"content-container\">\n<p>Dieselstra\u00dfe 3<br \/>\n01257 Drezno<\/p>\n<p>Telefon: <a class=\"whitelink\" href=\"tel:+49351207970\" target=\"_blank\" rel=\"noopener noreferrer\">+49 351 20797-0<\/a><br \/>\nE-Mail: \u00a0<a class=\"whitelink\" href=\"mailto:mail@compact-kaeltetechnik.de\">mail@compact-kaeltetechnik.de<\/a><\/div><\/div><\/div><div class=\"fusion-clearfix\"><\/div><\/div>\n<div class=\"embed-responsive embed-responsive-4by3\">\n<div class=\"brlbs-cmpnt-container brlbs-cmpnt-content-blocker brlbs-cmpnt-with-individual-styles\" data-borlabs-cookie-content-blocker-id=\"google-maps\" data-borlabs-cookie-content=\"PGlmcmFtZSBjbGFzcz0iZW1iZWQtcmVzcG9uc2l2ZS1pdGVtIiBzcmM9Imh0dHBzOi8vd3d3Lmdvb2dsZS5jb20vbWFwcy9lbWJlZD9wYj0hMW0xOCExbTEyITFtMyExZDIwMDg0LjkxNzUxNjkxMTQxMyEyZDEzLjgwNzA0NzUzODg4ODIyNSEzZDUxLjAwNDc5MTk3OTU1NTcyNiEybTMhMWYwITJmMCEzZjAhM20yITFpMTAyNCEyaTc2OCE0ZjEzLjEhM20zITFtMiExczB4NDcwOWM3YmEyYzcxNjYwZDoweDExM2E0MWZlMDlhOGJjN2MhMnNjb21wYWN0K0slQzMlQTRsdGV0ZWNobmlrK0dtYkghNWUwITNtMiExc2RlITJzZGUhNHYxNDcyODE4NTUxMTcyIiB3aWR0aD0iMTAwJSIgaGVpZ2h0PSIzMDBweCIgYWxsb3dmdWxsc2NyZWVuPSJhbGxvd2Z1bGxzY3JlZW4iPjwvaWZyYW1lPg==\">\n<div class=\"brlbs-cmpnt-cb-preset-b brlbs-cmpnt-cb-google-maps\">\n<div class=\"brlbs-cmpnt-cb-thumbnail\" style=\"background-image: url('https:\/\/www.compact-kaeltetechnik.de\/wp-content\/uploads\/borlabs-cookie\/1\/brlbs-cb-google-maps-main.png')\"><\/div>\n<div class=\"brlbs-cmpnt-cb-main\">\n<div class=\"brlbs-cmpnt-cb-content\">\n<p class=\"brlbs-cmpnt-cb-description\">Aktualnie wy\u015bwietlana jest tre\u015b\u0107 zast\u0119pcza z <strong>Google Maps<\/strong>. Aby uzyska\u0107 dost\u0119p do rzeczywistej tre\u015bci, kliknij poni\u017cszy przycisk. Pami\u0119taj, \u017ce spowoduje to udost\u0119pnienie danych zewn\u0119trznym operatorom.<\/p>\n<p> <a class=\"brlbs-cmpnt-cb-provider-toggle\" href=\"#\" data-borlabs-cookie-show-provider-information role=\"button\">Wi\u0119cej informacji<\/a> <\/div>\n<div class=\"brlbs-cmpnt-cb-buttons\"> <a class=\"brlbs-cmpnt-cb-btn\" href=\"#\" data-borlabs-cookie-unblock role=\"button\">Odblokuj tre\u015b\u0107<\/a> <a class=\"brlbs-cmpnt-cb-btn\" href=\"#\" data-borlabs-cookie-accept-service role=\"button\" style=\"display: inherit\">Zaakceptuj wymagan\u0105 us\u0142ug\u0119 i odblokuj tre\u015bci<\/a> <\/div>\n<\/p><\/div>\n<\/p><\/div>\n<\/div>\n<\/div>\n<\/div><\/div><div class=\"fusion-layout-column fusion_builder_column fusion-builder-column-4 fusion_builder_column_1_3 1_3 fusion-flex-column\" style=\"--awb-bg-blend:overlay;--awb-bg-size:cover;--awb-width-large:33.333333333333%;--awb-margin-top-large:0px;--awb-spacing-right-large:5.76%;--awb-margin-bottom-large:2%;--awb-spacing-left-large:5.76%;--awb-width-medium:100%;--awb-spacing-right-medium:1.92%;--awb-margin-bottom-medium:44px;--awb-spacing-left-medium:1.92%;--awb-width-small:100%;--awb-spacing-right-small:1.92%;--awb-margin-bottom-small:42.3438px;--awb-spacing-left-small:1.92%;\"><div class=\"fusion-column-wrapper fusion-flex-justify-content-flex-start fusion-content-layout-column\"><div class=\"fusion-content-boxes content-boxes columns row fusion-columns-1 fusion-columns-total-1 fusion-content-boxes-2 content-boxes-icon-on-side content-left\" style=\"--awb-backgroundcolor:var(--awb-color3);--awb-body-color:var(--awb-color1);--awb-title-color:var(--awb-color1);--awb-iconcolor:#153b5a;--awb-margin-bottom:0px;--awb-hover-accent-color:var(--awb-color7);--awb-circle-hover-accent-color:transparent;--awb-item-margin-bottom:40px;\" data-animationOffset=\"top-into-view\"><div style=\"--awb-backgroundcolor:var(--awb-color3);--awb-iconcolor:#153b5a;--awb-content-padding-left:62px;\" class=\"fusion-column content-box-column content-box-column content-box-column-1 col-lg-12 col-md-12 col-sm-12 fusion-content-box-hover content-box-column-last content-box-column-last-in-row\"><div class=\"col content-box-wrapper content-wrapper-background link-area-link-icon icon-hover-animation-fade\" data-animationOffset=\"top-into-view\"><div class=\"heading heading-with-icon icon-left\"><div class=\"icon\"><i style=\"background-color:transparent;border-color:transparent;height:auto;width: 42px;line-height:normal;font-size:42px;\" aria-hidden=\"true\" class=\"fontawesome-icon fa-map-marker-alt fas circle-no\"><\/i><\/div><h2 class=\"content-box-heading fusion-responsive-typography-calculated\" style=\"--h2_typography-font-size:18px;--fontSize:18;line-height:1.2;padding-left:62px;\">STRONA SCHARFENSTEIN<\/h2><\/div><div class=\"fusion-clearfix\"><\/div><div class=\"content-container\">\n<p>August-Bebel-Stra\u00dfe 24 E<br \/>\n09430 Drebach \/ OT Scharfenstein<\/p>\n<p>Telefon: <a class=\"whitelink\" href=\"tel:+4935120797424\" target=\"_blank\" rel=\"noopener noreferrer\">+49 351 20797-424<\/a><br \/>\nE-Mail: \u00a0<a class=\"whitelink\" href=\"mailto:mail@compact-kaeltetechnik.de\">mail@compact-kaeltetechnik.de<\/a><\/div><\/div><\/div><div class=\"fusion-clearfix\"><\/div><\/div>\n<div class=\"embed-responsive embed-responsive-4by3\">\n<div class=\"brlbs-cmpnt-container brlbs-cmpnt-content-blocker brlbs-cmpnt-with-individual-styles\" data-borlabs-cookie-content-blocker-id=\"google-maps\" data-borlabs-cookie-content=\"PGlmcmFtZSBjbGFzcz0iZW1iZWQtcmVzcG9uc2l2ZS1pdGVtIiBzcmM9Imh0dHBzOi8vd3d3Lmdvb2dsZS5jb20vbWFwcy9lbWJlZD9wYj0hMW0xOCExbTEyITFtMyExZDI1MjYuODk2MTc2NjY0Mzg1NiEyZDEzLjA0ODAwMjAxNjA4NzMyNCEzZDUwLjcwMzMxMTE3Njk5MzAyNiEybTMhMWYwITJmMCEzZjAhM20yITFpMTAyNCEyaTc2OCE0ZjEzLjEhM20zITFtMiExczB4NDdhNzUxODhlMTBlMTNjYjoweDdlZTA1OGJjMWFjNjllZTQhMnNjb21wYWN0K0slQzMlQTRsdGV0ZWNobmlrK0dtYkghNWUwITNtMiExc2RlITJzZGUhNHYxNDczMzE5MDE0NDc1IiB3aWR0aD0iMTAwJSIgaGVpZ2h0PSIzMDBweCI+PC9pZnJhbWU+\">\n<div class=\"brlbs-cmpnt-cb-preset-b brlbs-cmpnt-cb-google-maps\">\n<div class=\"brlbs-cmpnt-cb-thumbnail\" style=\"background-image: url('https:\/\/www.compact-kaeltetechnik.de\/wp-content\/uploads\/borlabs-cookie\/1\/brlbs-cb-google-maps-main.png')\"><\/div>\n<div class=\"brlbs-cmpnt-cb-main\">\n<div class=\"brlbs-cmpnt-cb-content\">\n<p class=\"brlbs-cmpnt-cb-description\">Aktualnie wy\u015bwietlana jest tre\u015b\u0107 zast\u0119pcza z <strong>Google Maps<\/strong>. Aby uzyska\u0107 dost\u0119p do rzeczywistej tre\u015bci, kliknij poni\u017cszy przycisk. Pami\u0119taj, \u017ce spowoduje to udost\u0119pnienie danych zewn\u0119trznym operatorom.<\/p>\n<p> <a class=\"brlbs-cmpnt-cb-provider-toggle\" href=\"#\" data-borlabs-cookie-show-provider-information role=\"button\">Wi\u0119cej informacji<\/a> <\/div>\n<div class=\"brlbs-cmpnt-cb-buttons\"> <a class=\"brlbs-cmpnt-cb-btn\" href=\"#\" data-borlabs-cookie-unblock role=\"button\">Odblokuj tre\u015b\u0107<\/a> <a class=\"brlbs-cmpnt-cb-btn\" href=\"#\" data-borlabs-cookie-accept-service role=\"button\" style=\"display: inherit\">Zaakceptuj wymagan\u0105 us\u0142ug\u0119 i odblokuj tre\u015bci<\/a> <\/div>\n<\/p><\/div>\n<\/p><\/div>\n<\/div>\n<\/div>\n<\/div><\/div><div class=\"fusion-layout-column fusion_builder_column fusion-builder-column-5 fusion_builder_column_1_3 1_3 fusion-flex-column\" style=\"--awb-bg-blend:overlay;--awb-bg-size:cover;--awb-width-large:33.333333333333%;--awb-margin-top-large:0px;--awb-spacing-right-large:5.76%;--awb-margin-bottom-large:2%;--awb-spacing-left-large:5.76%;--awb-width-medium:100%;--awb-spacing-right-medium:1.92%;--awb-spacing-left-medium:1.92%;--awb-width-small:100%;--awb-spacing-right-small:1.92%;--awb-spacing-left-small:1.92%;\"><div class=\"fusion-column-wrapper fusion-flex-justify-content-flex-start fusion-content-layout-column\"><div class=\"fusion-content-boxes content-boxes columns row fusion-columns-1 fusion-columns-total-1 fusion-content-boxes-3 content-boxes-icon-on-side content-left\" style=\"--awb-backgroundcolor:var(--awb-color3);--awb-body-color:var(--awb-color1);--awb-title-color:var(--awb-color1);--awb-iconcolor:#153b5a;--awb-margin-bottom:0px;--awb-hover-accent-color:var(--awb-color7);--awb-circle-hover-accent-color:transparent;--awb-item-margin-bottom:40px;\" data-animationOffset=\"top-into-view\"><div style=\"--awb-backgroundcolor:var(--awb-color3);--awb-iconcolor:#153b5a;--awb-content-padding-left:62px;\" class=\"fusion-column content-box-column content-box-column content-box-column-1 col-lg-12 col-md-12 col-sm-12 fusion-content-box-hover content-box-column-last content-box-column-last-in-row\"><div class=\"col content-box-wrapper content-wrapper-background link-area-link-icon icon-hover-animation-fade\" data-animationOffset=\"top-into-view\"><div class=\"heading heading-with-icon icon-left\"><div class=\"icon\"><i style=\"background-color:transparent;border-color:transparent;height:auto;width: 42px;line-height:normal;font-size:42px;\" aria-hidden=\"true\" class=\"fontawesome-icon fa-map-marker-alt fas circle-no\"><\/i><\/div><h2 class=\"content-box-heading fusion-responsive-typography-calculated\" style=\"--h2_typography-font-size:18px;--fontSize:18;line-height:1.2;padding-left:62px;\">LOKALIZACJA SPRZEDA\u017bY KATOWICE<\/h2><\/div><div class=\"fusion-clearfix\"><\/div><div class=\"content-container\">\n<p>ul. Ligocka 103\/ budynek 7<br \/>\n40-568 Katowice \/ Polska<\/p>\n<p>Telefon: <a class=\"whitelink\" href=\"tel:+4935120797444\" target=\"_blank\" rel=\"noopener noreferrer\">+48 32 418-0-444<\/a><br \/>\nE-Mail: <a class=\"whitelink\" href=\"mailto:e.domagala@compact-kaeltetechnik.pl\">e.domagala@compact-kaeltetechnik.pl<\/a><\/p>\n<\/div><\/div><\/div><div class=\"fusion-clearfix\"><\/div><\/div>\n<div class=\"embed-responsive embed-responsive-4by3\">\n<div class=\"brlbs-cmpnt-container brlbs-cmpnt-content-blocker brlbs-cmpnt-with-individual-styles\" data-borlabs-cookie-content-blocker-id=\"google-maps\" data-borlabs-cookie-content=\"PGlmcmFtZSBjbGFzcz0iZW1iZWQtcmVzcG9uc2l2ZS1pdGVtIiBzcmM9Imh0dHBzOi8vd3d3Lmdvb2dsZS5jb20vbWFwcy9lbWJlZD9wYj0hMW0xNCExbTghMW0zITFkMTAyMDguMDYwNzg3NTE4ODIyITJkMTguOTc3NjI3ITNkNTAuMjM1NjIxITNtMiExaTEwMjQhMmk3NjghNGYxMy4xITNtMyExbTIhMXMweDQ3MTZjZThlM2QxMGJmYzc6MHg4MWU2MDY4Y2Q1YWFjMTAyITJzTGlnb2NrYSUyMDEwMywlMjA0MC0wMDElMjBLYXRvd2ljZSwlMjBQb2xlbiE1ZTAhM20yITFzZGUhMnNkZSE0djE2MTgzNTI3MjE3OTYhNW0yITFzZGUhMnNkZTUiIHdpZHRoPSIxMDAlIiBoZWlnaHQ9IjMwMHB4Ij48L2lmcmFtZT4=\">\n<div class=\"brlbs-cmpnt-cb-preset-b brlbs-cmpnt-cb-google-maps\">\n<div class=\"brlbs-cmpnt-cb-thumbnail\" style=\"background-image: url('https:\/\/www.compact-kaeltetechnik.de\/wp-content\/uploads\/borlabs-cookie\/1\/brlbs-cb-google-maps-main.png')\"><\/div>\n<div class=\"brlbs-cmpnt-cb-main\">\n<div class=\"brlbs-cmpnt-cb-content\">\n<p class=\"brlbs-cmpnt-cb-description\">Aktualnie wy\u015bwietlana jest tre\u015b\u0107 zast\u0119pcza z <strong>Google Maps<\/strong>. Aby uzyska\u0107 dost\u0119p do rzeczywistej tre\u015bci, kliknij poni\u017cszy przycisk. Pami\u0119taj, \u017ce spowoduje to udost\u0119pnienie danych zewn\u0119trznym operatorom.<\/p>\n<p> <a class=\"brlbs-cmpnt-cb-provider-toggle\" href=\"#\" data-borlabs-cookie-show-provider-information role=\"button\">Wi\u0119cej informacji<\/a> <\/div>\n<div class=\"brlbs-cmpnt-cb-buttons\"> <a class=\"brlbs-cmpnt-cb-btn\" href=\"#\" data-borlabs-cookie-unblock role=\"button\">Odblokuj tre\u015b\u0107<\/a> <a class=\"brlbs-cmpnt-cb-btn\" href=\"#\" data-borlabs-cookie-accept-service role=\"button\" style=\"display: inherit\">Zaakceptuj wymagan\u0105 us\u0142ug\u0119 i odblokuj tre\u015bci<\/a> <\/div>\n<\/p><\/div>\n<\/p><\/div>\n<\/div>\n<\/div>\n<\/div><\/div><\/div><\/div><\/p>\n","protected":false},"excerpt":{"rendered":"","protected":false},"author":12,"featured_media":0,"parent":0,"menu_order":0,"comment_status":"closed","ping_status":"closed","template":"100-width.php","meta":{"footnotes":""},"class_list":["post-16901","page","type-page","status-publish","hentry"],"_links":{"self":[{"href":"https:\/\/www.compact-kaeltetechnik.de\/pl\/wp-json\/wp\/v2\/pages\/16901","targetHints":{"allow":["GET"]}}],"collection":[{"href":"https:\/\/www.compact-kaeltetechnik.de\/pl\/wp-json\/wp\/v2\/pages"}],"about":[{"href":"https:\/\/www.compact-kaeltetechnik.de\/pl\/wp-json\/wp\/v2\/types\/page"}],"author":[{"embeddable":true,"href":"https:\/\/www.compact-kaeltetechnik.de\/pl\/wp-json\/wp\/v2\/users\/12"}],"replies":[{"embeddable":true,"href":"https:\/\/www.compact-kaeltetechnik.de\/pl\/wp-json\/wp\/v2\/comments?post=16901"}],"version-history":[{"count":6,"href":"https:\/\/www.compact-kaeltetechnik.de\/pl\/wp-json\/wp\/v2\/pages\/16901\/revisions"}],"predecessor-version":[{"id":17155,"href":"https:\/\/www.compact-kaeltetechnik.de\/pl\/wp-json\/wp\/v2\/pages\/16901\/revisions\/17155"}],"wp:attachment":[{"href":"https:\/\/www.compact-kaeltetechnik.de\/pl\/wp-json\/wp\/v2\/media?parent=16901"}],"curies":[{"name":"wp","href":"https:\/\/api.w.org\/{rel}","templated":true}]}}