{"id":7383,"date":"2021-02-11T14:51:01","date_gmt":"2021-02-11T13:51:01","guid":{"rendered":"https:\/\/beta.compact-kaeltetechnik.de\/?page_id=7383"},"modified":"2025-09-19T14:43:24","modified_gmt":"2025-09-19T12:43:24","slug":"anmeldung-cold-news-2021","status":"publish","type":"page","link":"https:\/\/www.compact-kaeltetechnik.de\/de\/anmeldung-cold-news-2021\/","title":{"rendered":"Anmeldung Cold News 2021"},"content":{"rendered":"<p><div class=\"fusion-fullwidth fullwidth-box fusion-builder-row-1 fusion-flex-container nonhundred-percent-fullwidth non-hundred-percent-height-scrolling\" style=\"--awb-border-radius-top-left:0px;--awb-border-radius-top-right:0px;--awb-border-radius-bottom-right:0px;--awb-border-radius-bottom-left:0px;--awb-flex-wrap:wrap;\" ><div class=\"fusion-builder-row fusion-row fusion-flex-align-items-flex-start fusion-flex-content-wrap\" style=\"max-width:1248px;margin-left: calc(-4% \/ 2 );margin-right: calc(-4% \/ 2 );\"><div class=\"fusion-layout-column fusion_builder_column fusion-builder-column-0 fusion_builder_column_1_1 1_1 fusion-flex-column fusion-no-small-visibility\" style=\"--awb-bg-size:cover;--awb-width-large:100%;--awb-margin-top-large:0px;--awb-spacing-right-large:1.92%;--awb-margin-bottom-large:2%;--awb-spacing-left-large:1.92%;--awb-width-medium:100%;--awb-spacing-right-medium:1.92%;--awb-spacing-left-medium:1.92%;--awb-width-small:100%;--awb-spacing-right-small:1.92%;--awb-spacing-left-small:1.92%;\"><div class=\"fusion-column-wrapper fusion-column-has-shadow fusion-flex-justify-content-flex-start fusion-content-layout-column\"><div class=\"fusion-image-element \" style=\"--awb-caption-title-font-family:var(--h2_typography-font-family);--awb-caption-title-font-weight:var(--h2_typography-font-weight);--awb-caption-title-font-style:var(--h2_typography-font-style);--awb-caption-title-size:var(--h2_typography-font-size);--awb-caption-title-transform:var(--h2_typography-text-transform);--awb-caption-title-line-height:var(--h2_typography-line-height);--awb-caption-title-letter-spacing:var(--h2_typography-letter-spacing);\"><span class=\" fusion-imageframe imageframe-none imageframe-1 hover-type-none\"><img decoding=\"async\" width=\"600\" height=\"150\" alt=\"Cold News 2021\" title=\"Cold News 2021\" src=\"https:\/\/www.compact-kaeltetechnik.de\/wp-content\/uploads\/2021\/02\/Bild_Mail_Cold-News-2021.jpg\" data-orig-src=\"https:\/\/www.compact-kaeltetechnik.de\/wp-content\/uploads\/2021\/02\/Bild_Mail_Cold-News-2021-600x150.jpg\" class=\"lazyload img-responsive wp-image-7395\" srcset=\"data:image\/svg+xml,%3Csvg%20xmlns%3D%27http%3A%2F%2Fwww.w3.org%2F2000%2Fsvg%27%20width%3D%271000%27%20height%3D%27250%27%20viewBox%3D%270%200%201000%20250%27%3E%3Crect%20width%3D%271000%27%20height%3D%27250%27%20fill-opacity%3D%220%22%2F%3E%3C%2Fsvg%3E\" data-srcset=\"https:\/\/www.compact-kaeltetechnik.de\/wp-content\/uploads\/2021\/02\/Bild_Mail_Cold-News-2021-200x50.jpg 200w, https:\/\/www.compact-kaeltetechnik.de\/wp-content\/uploads\/2021\/02\/Bild_Mail_Cold-News-2021-400x100.jpg 400w, https:\/\/www.compact-kaeltetechnik.de\/wp-content\/uploads\/2021\/02\/Bild_Mail_Cold-News-2021-600x150.jpg 600w, https:\/\/www.compact-kaeltetechnik.de\/wp-content\/uploads\/2021\/02\/Bild_Mail_Cold-News-2021-800x200.jpg 800w, https:\/\/www.compact-kaeltetechnik.de\/wp-content\/uploads\/2021\/02\/Bild_Mail_Cold-News-2021.jpg 1000w\" data-sizes=\"auto\" data-orig-sizes=\"(max-width: 1300px) 100vw, (max-width: 640px) 100vw, 600px\" \/><\/span><\/div><\/div><\/div><div class=\"fusion-layout-column fusion_builder_column fusion-builder-column-1 fusion_builder_column_1_2 1_2 fusion-flex-column\" style=\"--awb-bg-size:cover;--awb-width-large:50%;--awb-margin-top-large:0px;--awb-spacing-right-large:3.84%;--awb-margin-bottom-large:2%;--awb-spacing-left-large:3.84%;--awb-width-medium:100%;--awb-spacing-right-medium:1.92%;--awb-spacing-left-medium:1.92%;--awb-width-small:100%;--awb-spacing-right-small:1.92%;--awb-spacing-left-small:1.92%;\"><div class=\"fusion-column-wrapper fusion-flex-justify-content-flex-start fusion-content-layout-column\"><!--[borlabs-exclude-start]-->\n<script type=\"text\/javascript\" src=\"\/\/ma.compact-kaeltetechnik.de\/form\/generate.js?id=22\"><\/script>\n<!--[borlabs-exclude-end]--><div class=\"fusion-separator fusion-full-width-sep\" style=\"align-self: center;margin-left: auto;margin-right: auto;margin-top:15px;margin-bottom:15px;width:100%;\"><\/div><div class=\"fusion-text fusion-text-1\"><p>Falls Sie weitere Kollegen anmelden m\u00f6chten, erhalten Sie nach dem Absenden die M\u00f6glichkeit dazu.<\/p>\n<\/div><\/div><\/div><div class=\"fusion-layout-column fusion_builder_column fusion-builder-column-2 fusion_builder_column_1_2 1_2 fusion-flex-column\" style=\"--awb-padding-top:10px;--awb-padding-bottom:20px;--awb-bg-size:cover;--awb-width-large:50%;--awb-margin-top-large:0px;--awb-spacing-right-large:3.84%;--awb-margin-bottom-large:2%;--awb-spacing-left-large:3.84%;--awb-width-medium:100%;--awb-spacing-right-medium:1.92%;--awb-spacing-left-medium:1.92%;--awb-width-small:100%;--awb-spacing-right-small:1.92%;--awb-spacing-left-small:1.92%;\"><div class=\"fusion-column-wrapper fusion-flex-justify-content-flex-start fusion-content-layout-column\"><div class=\"fusion-title title fusion-title-1 fusion-sep-none fusion-title-text fusion-title-size-three\" style=\"--awb-margin-top-small:0px;--awb-margin-right-small:0px;--awb-margin-bottom-small:20px;--awb-margin-left-small:0px;\"><h3 class=\"fusion-title-heading title-heading-left fusion-responsive-typography-calculated\" style=\"margin:0;--fontSize:24;--minFontSize:24;line-height:1.4;\"><p style=\"text-align: center;\">Ihre Ansprechpartnerin<\/p><\/h3><\/div><div class=\"fusion-person person fusion-person-center fusion-person-1 fusion-person-icon-top\" style=\"--awb-pic-style-color:var(--awb-color7);--awb-pic-borderradius:0px;--awb-margin-top:0px;--awb-margin-right:0px;--awb-margin-bottom:0px;--awb-margin-left:0px;--awb-social-box-border-top:0px;--awb-social-box-border-right:0px;--awb-social-box-border-bottom:0px;--awb-social-box-border-left:0px;--awb-social-box-border-color:var(--awb-color3);--awb-social-box-border-color-hover:var(--awb-color4);--awb-social-box-colors-hover:var(--awb-color1);--awb-social-icon-boxed-colors:var(--awb-color2);--awb-social-icon-colors:var(--awb-color6);--awb-social-icon-colors-hover:var(--awb-color4);\"><div class=\"person-shortcode-image-wrapper\"><div class=\"person-image-container hover-type-none\" style=\"border:0px solid #f6f6f6;-webkit-border-radius:0px;-moz-border-radius:0px;border-radius:0px;\"><img decoding=\"async\" class=\"lazyload person-img img-responsive wp-image-4215\" width=\"400\" height=\"309\" src=\"https:\/\/www.compact-kaeltetechnik.de\/wp-content\/uploads\/2019\/02\/20180905AW608M.jpg\" data-orig-src=\"https:\/\/www.compact-kaeltetechnik.de\/wp-content\/uploads\/2019\/02\/20180905AW608M-400x309.jpg\" alt=\"Stefanie Sch\u00f6ne\" srcset=\"data:image\/svg+xml,%3Csvg%20xmlns%3D%27http%3A%2F%2Fwww.w3.org%2F2000%2Fsvg%27%20width%3D%272000%27%20height%3D%271545%27%20viewBox%3D%270%200%202000%201545%27%3E%3Crect%20width%3D%272000%27%20height%3D%271545%27%20fill-opacity%3D%220%22%2F%3E%3C%2Fsvg%3E\" data-srcset=\"https:\/\/www.compact-kaeltetechnik.de\/wp-content\/uploads\/2019\/02\/20180905AW608M-200x155.jpg 200w, https:\/\/www.compact-kaeltetechnik.de\/wp-content\/uploads\/2019\/02\/20180905AW608M-400x309.jpg 400w, https:\/\/www.compact-kaeltetechnik.de\/wp-content\/uploads\/2019\/02\/20180905AW608M-600x464.jpg 600w, https:\/\/www.compact-kaeltetechnik.de\/wp-content\/uploads\/2019\/02\/20180905AW608M-800x618.jpg 800w, https:\/\/www.compact-kaeltetechnik.de\/wp-content\/uploads\/2019\/02\/20180905AW608M-1200x927.jpg 1200w\" data-sizes=\"auto\" data-orig-sizes=\"(max-width: 1300px) 100vw, (max-width: 640px) 100vw, 600px\" \/><\/div><\/div><div class=\"person-desc\"><div class=\"person-author\"><div class=\"person-author-wrapper\"><span class=\"person-name\">Stefanie Sch\u00f6ne<\/span><span class=\"person-title\">Marketing &amp; Vertrieb<\/span><\/div><div class=\"fusion-social-networks\"><div class=\"fusion-social-networks-wrapper\"><a class=\"fusion-social-network-icon fusion-tooltip fusion-linkedin awb-icon-linkedin custom\" aria-label=\"fusion-linkedin\" href=\"https:\/\/www.linkedin.com\/in\/stefanie-sch%C3%B6ne-55ba2b159\/\" target=\"_blank\" rel=\"noopener noreferrer\" style=\"color:var(--awb-color6);font-size:16px;\" data-placement=\"top\" data-title=\"LinkedIn\" title=\"LinkedIn\" data-toggle=\"tooltip\"><\/a><a class=\"fusion-social-network-icon fusion-tooltip fusion-mail awb-icon-mail custom\" aria-label=\"fusion-mail\" href=\"mailto:s.&#115;ch&#111;en&#101;&#064;&#099;&#111;m&#112;&#097;&#099;t-&#107;&#097;&#101;l&#116;etec&#104;&#110;i&#107;&#046;&#100;&#101;\" target=\"_self\" style=\"color:var(--awb-color6);font-size:16px;\" data-placement=\"top\" data-title=\"Mail\" title=\"Mail\" data-toggle=\"tooltip\"><\/a><\/div><\/div><\/div><div class=\"person-content fusion-clearfix\">Telefon: <a href=\"tel:+493512079711\">0351-20797-11<\/a><\/div><\/div><\/div><\/div><\/div><div class=\"fusion-layout-column fusion_builder_column fusion-builder-column-3 fusion_builder_column_1_2 1_2 fusion-flex-column\" style=\"--awb-padding-top:30px;--awb-padding-right:10px;--awb-padding-bottom:30px;--awb-padding-left:30px;--awb-overflow:hidden;--awb-bg-size:cover;--awb-border-color:#03a9f4;--awb-border-top:2px;--awb-border-right:2px;--awb-border-bottom:2px;--awb-border-left:2px;--awb-border-style:solid;--awb-border-radius:5px 5px 5px 5px;--awb-width-large:50%;--awb-margin-top-large:0px;--awb-spacing-right-large:3.84%;--awb-margin-bottom-large:2%;--awb-spacing-left-large:3.84%;--awb-width-medium:100%;--awb-order-medium:0;--awb-spacing-right-medium:1.92%;--awb-spacing-left-medium:1.92%;--awb-width-small:100%;--awb-order-small:0;--awb-spacing-right-small:1.92%;--awb-spacing-left-small:1.92%;\"><div class=\"fusion-column-wrapper fusion-column-has-shadow fusion-flex-justify-content-flex-start fusion-content-layout-column\"><div class=\"fusion-title title fusion-title-2 fusion-sep-none fusion-title-text fusion-title-size-three\" style=\"--awb-margin-top-small:0px;--awb-margin-right-small:0px;--awb-margin-bottom-small:20px;--awb-margin-left-small:0px;\"><h3 class=\"fusion-title-heading title-heading-left fusion-responsive-typography-calculated\" style=\"margin:0;--fontSize:24;--minFontSize:24;line-height:1.4;\">PROGRAMM<\/h3><\/div><div class=\"accordian fusion-accordian\" style=\"--awb-border-size:1px;--awb-icon-size:20px;--awb-content-font-size:20px;--awb-icon-alignment:right;--awb-hover-color:#f9f9f9;--awb-border-color:#333333;--awb-background-color:#ffffff;--awb-divider-color:#e0dede;--awb-divider-hover-color:#e0dede;--awb-icon-color:var(--awb-color7);--awb-title-color:#333333;--awb-content-color:var(--awb-color7);--awb-icon-box-color:var(--awb-color7);--awb-toggle-hover-accent-color:var(--awb-color7);--awb-title-font-family:&quot;Source Sans 3&quot;;--awb-title-font-weight:700;--awb-title-font-style:normal;--awb-title-font-size:16px;--awb-content-font-family:&quot;Source Sans 3&quot;;--awb-content-font-style:normal;--awb-content-font-weight:300;\"><div class=\"panel-group fusion-toggle-icon-right fusion-toggle-icon-unboxed\" id=\"accordion-7383-1\"><div class=\"fusion-panel panel-default panel-14d42bf4df0c117ca fusion-toggle-has-divider\"><div class=\"panel-heading\"><h4 class=\"panel-title toggle\" id=\"toggle_14d42bf4df0c117ca\"><a aria-expanded=\"false\" aria-controls=\"14d42bf4df0c117ca\" role=\"button\" data-toggle=\"collapse\" data-parent=\"#accordion-7383-1\" data-target=\"#14d42bf4df0c117ca\" href=\"#14d42bf4df0c117ca\"><span class=\"fusion-toggle-icon-wrapper\" aria-hidden=\"true\"><i class=\"fa-fusion-box active-icon awb-icon-minus\" aria-hidden=\"true\"><\/i><i class=\"fa-fusion-box inactive-icon awb-icon-plus\" aria-hidden=\"true\"><\/i><\/span><span class=\"fusion-toggle-heading\">09.03.2021 - Verdichter<\/span><\/a><\/h4><\/div><div id=\"14d42bf4df0c117ca\" class=\"panel-collapse collapse \" aria-labelledby=\"toggle_14d42bf4df0c117ca\"><div class=\"panel-body toggle-content fusion-clearfix\">\n<p><strong>14.00 Uhr \u00a0 \u00a0 \u00a0 \u00a0 \u00a0 \u00a0Fachvortrag Bitzer:<\/strong><\/p>\n<p>Clevere Leistungsabstufung von CO2-Verdichtern in Verbundanlagen<\/p>\n<p><strong>15.00 Uhr \u00a0 \u00a0 \u00a0 \u00a0 \u00a0 \u00a0Fachvortag Bock:<\/strong><\/p>\n<p>Vorstellung der neuen Bock LG-Verdichterbaureihe f\u00fcr A2L K\u00e4ltemittel<\/p>\n<p><strong>16.00 Uhr \u00a0 \u00a0 \u00a0 \u00a0 \u00a0 \u00a0Fachvortrag Dorin:<\/strong><\/p>\n<p>CO2-Verdichter f\u00fcr spezielle Anwendungen au\u00dferhalb \u00fcblicher Leistungsbereiche<\/p>\n<\/div><\/div><\/div><div class=\"fusion-panel panel-default panel-3a6be6ac49a038c48 fusion-toggle-has-divider\"><div class=\"panel-heading\"><h4 class=\"panel-title toggle\" id=\"toggle_3a6be6ac49a038c48\"><a aria-expanded=\"false\" aria-controls=\"3a6be6ac49a038c48\" role=\"button\" data-toggle=\"collapse\" data-parent=\"#accordion-7383-1\" data-target=\"#3a6be6ac49a038c48\" href=\"#3a6be6ac49a038c48\"><span class=\"fusion-toggle-icon-wrapper\" aria-hidden=\"true\"><i class=\"fa-fusion-box active-icon awb-icon-minus\" aria-hidden=\"true\"><\/i><i class=\"fa-fusion-box inactive-icon awb-icon-plus\" aria-hidden=\"true\"><\/i><\/span><span class=\"fusion-toggle-heading\">10.03.2021 - Steuerung<\/span><\/a><\/h4><\/div><div id=\"3a6be6ac49a038c48\" class=\"panel-collapse collapse \" aria-labelledby=\"toggle_3a6be6ac49a038c48\"><div class=\"panel-body toggle-content fusion-clearfix\">\n<p><strong>14.00 Uhr \u00a0 \u00a0 \u00a0 \u00a0 \u00a0 \u00a0Fachvortrag Elreha:<\/strong><\/p>\n<p>Neue Ger\u00e4te von ELREHA &#8211; Touch-Verbundregelzentrale,<br \/>\nUniverselles Meldedisplay &amp; ELREHA Webgateway<\/p>\n<p><strong>15.00 Uhr \u00a0 \u00a0 \u00a0 \u00a0 \u00a0 \u00a0Fachvortag Wurm:<\/strong><\/p>\n<p>Virtueller \u00dcberflug \u00fcber die Wurm-Welt und das Produktportfolio anhand von<br \/>\nAnlagenbeispielen. Zus\u00e4tzliche Highlights sind die Ausblicke auf die Produktneuheiten sowie eine geplante Zwischenlandung im Schaltanlagenbau.<\/p>\n<p><strong>16.00 Uhr \u00a0 \u00a0 \u00a0 \u00a0 \u00a0 \u00a0Fachvortrag ecogreen:<\/strong><\/p>\n<p>Update \u00fcber die BAFA Richtlinie zur F\u00f6rderung von K\u00e4lte- und Klimaanlagen<\/p>\n<\/div><\/div><\/div><div class=\"fusion-panel panel-default panel-9031eeac1abb44e8f fusion-toggle-has-divider\"><div class=\"panel-heading\"><h4 class=\"panel-title toggle\" id=\"toggle_9031eeac1abb44e8f\"><a aria-expanded=\"false\" aria-controls=\"9031eeac1abb44e8f\" role=\"button\" data-toggle=\"collapse\" data-parent=\"#accordion-7383-1\" data-target=\"#9031eeac1abb44e8f\" href=\"#9031eeac1abb44e8f\"><span class=\"fusion-toggle-icon-wrapper\" aria-hidden=\"true\"><i class=\"fa-fusion-box active-icon awb-icon-minus\" aria-hidden=\"true\"><\/i><i class=\"fa-fusion-box inactive-icon awb-icon-plus\" aria-hidden=\"true\"><\/i><\/span><span class=\"fusion-toggle-heading\">11.03.2021 - W\u00e4rmetauscher<\/span><\/a><\/h4><\/div><div id=\"9031eeac1abb44e8f\" class=\"panel-collapse collapse \" aria-labelledby=\"toggle_9031eeac1abb44e8f\"><div class=\"panel-body toggle-content fusion-clearfix\">\n<p><strong>14.00 Uhr \u00a0 \u00a0 \u00a0 \u00a0 \u00a0 \u00a0Fachvortrag G\u00fcntner:<\/strong><\/p>\n<p>Anwendungsorientierte Luftk\u00fchlerauswahl \u2013 neue Produkte und Merkmale<\/p>\n<p><strong>15.00 Uhr \u00a0 \u00a0 \u00a0 \u00a0 \u00a0 \u00a0Fachvortrag thermofin:<\/strong><\/p>\n<p>Erfahrungen von R744-Gask\u00fchlern im praktischen Einsatz<\/p>\n<\/div><\/div><\/div><\/div><\/div><\/div><\/div><\/div><\/div><div class=\"fusion-fullwidth fullwidth-box fusion-builder-row-2 fusion-flex-container nonhundred-percent-fullwidth non-hundred-percent-height-scrolling\" style=\"--awb-border-radius-top-left:0px;--awb-border-radius-top-right:0px;--awb-border-radius-bottom-right:0px;--awb-border-radius-bottom-left:0px;--awb-flex-wrap:wrap;\" ><div class=\"fusion-builder-row fusion-row fusion-flex-align-items-flex-start fusion-flex-content-wrap\" style=\"max-width:1248px;margin-left: calc(-4% \/ 2 );margin-right: calc(-4% \/ 2 );\"><div class=\"fusion-layout-column fusion_builder_column fusion-builder-column-4 fusion_builder_column_1_2 1_2 fusion-flex-column\" style=\"--awb-bg-size:cover;--awb-width-large:50%;--awb-margin-top-large:0px;--awb-spacing-right-large:3.84%;--awb-margin-bottom-large:2%;--awb-spacing-left-large:3.84%;--awb-width-medium:100%;--awb-order-medium:0;--awb-spacing-right-medium:1.92%;--awb-spacing-left-medium:1.92%;--awb-width-small:100%;--awb-order-small:0;--awb-spacing-right-small:1.92%;--awb-spacing-left-small:1.92%;\"><div class=\"fusion-column-wrapper fusion-column-has-shadow fusion-flex-justify-content-flex-start fusion-content-layout-column\"><\/div><\/div><\/div><\/div><\/p>\n","protected":false},"excerpt":{"rendered":"","protected":false},"author":291,"featured_media":0,"parent":0,"menu_order":0,"comment_status":"closed","ping_status":"closed","template":"","meta":{"footnotes":""},"class_list":["post-7383","page","type-page","status-publish","hentry"],"_links":{"self":[{"href":"https:\/\/www.compact-kaeltetechnik.de\/de\/wp-json\/wp\/v2\/pages\/7383","targetHints":{"allow":["GET"]}}],"collection":[{"href":"https:\/\/www.compact-kaeltetechnik.de\/de\/wp-json\/wp\/v2\/pages"}],"about":[{"href":"https:\/\/www.compact-kaeltetechnik.de\/de\/wp-json\/wp\/v2\/types\/page"}],"author":[{"embeddable":true,"href":"https:\/\/www.compact-kaeltetechnik.de\/de\/wp-json\/wp\/v2\/users\/291"}],"replies":[{"embeddable":true,"href":"https:\/\/www.compact-kaeltetechnik.de\/de\/wp-json\/wp\/v2\/comments?post=7383"}],"version-history":[{"count":10,"href":"https:\/\/www.compact-kaeltetechnik.de\/de\/wp-json\/wp\/v2\/pages\/7383\/revisions"}],"predecessor-version":[{"id":8593,"href":"https:\/\/www.compact-kaeltetechnik.de\/de\/wp-json\/wp\/v2\/pages\/7383\/revisions\/8593"}],"wp:attachment":[{"href":"https:\/\/www.compact-kaeltetechnik.de\/de\/wp-json\/wp\/v2\/media?parent=7383"}],"curies":[{"name":"wp","href":"https:\/\/api.w.org\/{rel}","templated":true}]}}