{"id":5683,"date":"2019-11-28T11:20:06","date_gmt":"2019-11-28T10:20:06","guid":{"rendered":"https:\/\/beta.compact-kaeltetechnik.de\/?page_id=5683"},"modified":"2023-10-04T11:52:54","modified_gmt":"2023-10-04T09:52:54","slug":"vielen-dank-cold-news-2020","status":"publish","type":"page","link":"https:\/\/www.compact-kaeltetechnik.de\/de\/vielen-dank-cold-news-2020\/","title":{"rendered":"Vielen Dank f\u00fcr Ihre Anmeldung!"},"content":{"rendered":"<div class=\"fusion-fullwidth fullwidth-box fusion-builder-row-1 fusion-flex-container nonhundred-percent-fullwidth non-hundred-percent-height-scrolling\" style=\"--awb-border-radius-top-left:0px;--awb-border-radius-top-right:0px;--awb-border-radius-bottom-right:0px;--awb-border-radius-bottom-left:0px;--awb-flex-wrap:wrap;\" ><div class=\"fusion-builder-row fusion-row fusion-flex-align-items-flex-start fusion-flex-content-wrap\" style=\"max-width:calc( 1200px + 0px );margin-left: calc(-0px \/ 2 );margin-right: calc(-0px \/ 2 );\"><div class=\"fusion-layout-column fusion_builder_column fusion-builder-column-0 fusion_builder_column_1_1 1_1 fusion-flex-column\" style=\"--awb-bg-size:cover;--awb-width-large:100%;--awb-margin-top-large:0px;--awb-spacing-right-large:0px;--awb-margin-bottom-large:2%;--awb-spacing-left-large:0px;--awb-width-medium:100%;--awb-spacing-right-medium:0px;--awb-spacing-left-medium:0px;--awb-width-small:100%;--awb-spacing-right-small:0px;--awb-spacing-left-small:0px;\"><div class=\"fusion-column-wrapper fusion-flex-justify-content-flex-start fusion-content-layout-column\"><div class=\"fusion-title title fusion-title-1 fusion-sep-none fusion-title-center fusion-title-text fusion-title-size-one\" style=\"--awb-text-color:var(--awb-color7);--awb-margin-top-small:0px;--awb-margin-right-small:0px;--awb-margin-bottom-small:20px;--awb-margin-left-small:0px;--awb-font-size:40px;\"><h1 class=\"fusion-title-heading title-heading-center fusion-responsive-typography-calculated\" style=\"margin:0;font-size:1em;--fontSize:40;line-height:1.4;\">Vielen Dank f\u00fcr Ihre Anmeldung!<\/h1><\/div><div class=\"fusion-text fusion-text-1\"><p style=\"text-align: center;\">Sie erhalten in K\u00fcrze Ihre Anmeldebest\u00e4tigung per E-Mail.<\/p>\n<\/div><div class=\"fusion-text fusion-text-2\"><p style=\"text-align: center;\">Schauen Sie doch in der Zwischenzeit gleich mal, was es Neues bei compact K\u00e4ltetechnik gibt.<\/p>\n<\/div><div style=\"text-align:center;\"><a class=\"fusion-button button-flat button-medium button-default fusion-button-default button-1 fusion-button-default-span fusion-button-default-type\" target=\"_self\" href=\"https:\/\/www.compact-kaeltetechnik.de\/de\/anmeldung-cold-news-2020\/\"><span class=\"fusion-button-text awb-button__text awb-button__text--default\">Weitere Kollegen anmelden<\/span><\/a><\/div><div class=\"fusion-separator fusion-full-width-sep\" style=\"align-self: center;margin-left: auto;margin-right: auto;margin-top:30px;margin-bottom:30px;width:100%;\"><\/div><div class=\"fusion-blog-shortcode fusion-blog-shortcode-1 fusion-blog-archive fusion-blog-layout-grid-wrapper fusion-blog-pagination\"><style type=\"text\/css\">.fusion-blog-shortcode-1 .fusion-blog-layout-grid .fusion-post-grid{padding:20px;}.fusion-blog-shortcode-1 .fusion-posts-container{margin-left: -20px !important; margin-right:-20px !important;}<\/style><div class=\"fusion-posts-container fusion-posts-container-pagination fusion-blog-layout-grid fusion-blog-layout-grid-3 isotope fusion-blog-equal-heights\" data-pages=\"22\" data-grid-col-space=\"40\" style=\"margin: -20px -20px 0;min-height:500px;\"><article id=\"blog-1-post-26960\" class=\"fusion-post-grid post-26960 post type-post status-publish format-standard has-post-thumbnail hentry category-news tag-ceo tag-generationswechsel tag-geschaeftsfuehrung tag-new-generation\">\n<div class=\"fusion-post-wrapper\" style=\"background-color:rgba(255,255,255,0);border:1px solid #ebeaea;border-bottom-width:3px;\">\n\n\t\t\t<div class=\"fusion-flexslider flexslider fusion-flexslider-loading fusion-post-slideshow\" style=\"border-color:#ebeaea;\">\n\t\t<ul class=\"slides\">\n\t\t\t\n\t\t\t\t\t\t\t\t\t\t\t\t\t\t<li><div  class=\"fusion-image-wrapper\" aria-haspopup=\"true\">\n\t\t\t\t\t\t\t<a href=\"https:\/\/www.compact-kaeltetechnik.de\/de\/news\/neue-geschaeftsfuehrung\/\" aria-label=\"Drei K\u00f6pfe. Eine Vision. compact K\u00e4ltetechnik erweitert Gesch\u00e4ftsf\u00fchrung und vollendet Generationswechsel\">\n\t\t\t\t\t\t\t<img decoding=\"async\" width=\"1200\" height=\"801\" src=\"https:\/\/www.compact-kaeltetechnik.de\/wp-content\/uploads\/2026\/03\/2026-01-22_compact-Kaeltetchnik_web.jpg\" class=\"attachment-full size-full lazyload wp-post-image\" alt=\"\" srcset=\"data:image\/svg+xml,%3Csvg%20xmlns%3D%27http%3A%2F%2Fwww.w3.org%2F2000%2Fsvg%27%20width%3D%271200%27%20height%3D%27801%27%20viewBox%3D%270%200%201200%20801%27%3E%3Crect%20width%3D%271200%27%20height%3D%27801%27%20fill-opacity%3D%220%22%2F%3E%3C%2Fsvg%3E\" data-orig-src=\"https:\/\/www.compact-kaeltetechnik.de\/wp-content\/uploads\/2026\/03\/2026-01-22_compact-Kaeltetchnik_web.jpg\" data-srcset=\"https:\/\/www.compact-kaeltetechnik.de\/wp-content\/uploads\/2026\/03\/2026-01-22_compact-Kaeltetchnik_web-200x134.jpg 200w, https:\/\/www.compact-kaeltetechnik.de\/wp-content\/uploads\/2026\/03\/2026-01-22_compact-Kaeltetchnik_web-400x267.jpg 400w, https:\/\/www.compact-kaeltetechnik.de\/wp-content\/uploads\/2026\/03\/2026-01-22_compact-Kaeltetchnik_web-600x401.jpg 600w, https:\/\/www.compact-kaeltetechnik.de\/wp-content\/uploads\/2026\/03\/2026-01-22_compact-Kaeltetchnik_web-800x534.jpg 800w, https:\/\/www.compact-kaeltetechnik.de\/wp-content\/uploads\/2026\/03\/2026-01-22_compact-Kaeltetchnik_web.jpg 1200w\" data-sizes=\"auto\" \/>\t\t\t<\/a>\n\t\t\t\t\t\t\t<\/div>\n<\/li>\n\t\t\t\n\t\t\t\n\t\t\t\t\t\t\t\t\t\t\t\t\t\t\t\t\t\t\t\t\t\t\t\t\t\t\t\t\t\t\t\t\t\t\t\t\t\t\t\t\t\t\t\t\t\t\t\t\t\t\t\t\t\t\t\t\t\t\t\t\t\t\t\t\t\t\t\t<\/ul>\n\t<\/div>\n\t<div class=\"fusion-post-content-wrapper\" style=\"padding:30px 25px 20px 25px;\"><div class=\"fusion-post-content post-content\"><h2 class=\"blog-shortcode-post-title\"><a href=\"https:\/\/www.compact-kaeltetechnik.de\/de\/news\/neue-geschaeftsfuehrung\/\">Drei K\u00f6pfe. Eine Vision. compact K\u00e4ltetechnik erweitert Gesch\u00e4ftsf\u00fchrung und vollendet Generationswechsel<\/a><\/h2><p class=\"fusion-single-line-meta\">By <span><a href=\"https:\/\/www.compact-kaeltetechnik.de\/de\/author\/cwolf\/\" title=\"Beitr\u00e4ge von Christine Wolf\" rel=\"author\">Christine Wolf<\/a><\/span><span class=\"fusion-inline-sep\">|<\/span><span>8. April 2026<\/span><span class=\"fusion-inline-sep\">|<\/span>Categories: <a href=\"https:\/\/www.compact-kaeltetechnik.de\/de\/category\/news\/\" rel=\"category tag\">News<\/a><span class=\"fusion-inline-sep\">|<\/span><span class=\"meta-tags\">Tags: <a href=\"https:\/\/www.compact-kaeltetechnik.de\/de\/tag\/ceo\/\" rel=\"tag\">CEO<\/a>, <a href=\"https:\/\/www.compact-kaeltetechnik.de\/de\/tag\/generationswechsel\/\" rel=\"tag\">Generationswechsel<\/a>, <a href=\"https:\/\/www.compact-kaeltetechnik.de\/de\/tag\/geschaeftsfuehrung\/\" rel=\"tag\">Gesch\u00e4ftsf\u00fchrung<\/a>, <a href=\"https:\/\/www.compact-kaeltetechnik.de\/de\/tag\/new-generation\/\" rel=\"tag\">New generation<\/a><\/span><span class=\"fusion-inline-sep\">|<\/span><\/p><div class=\"fusion-content-sep sep-double sep-solid\"><\/div><div class=\"fusion-post-content-container\"><p>  Dresden \/ Scharfenstein, April 2026 \u2013 Die compact [...]<\/p><\/div><\/div><div class=\"fusion-meta-info\"><div class=\"fusion-alignleft\"><a class=\"fusion-read-more\" href=\"https:\/\/www.compact-kaeltetechnik.de\/de\/news\/neue-geschaeftsfuehrung\/\" aria-label=\"More on Drei K\u00f6pfe. Eine Vision. compact K\u00e4ltetechnik erweitert Gesch\u00e4ftsf\u00fchrung und vollendet Generationswechsel\">Read More<\/a><\/div><div class=\"fusion-alignright\"><span>Kommentare deaktiviert<span class=\"screen-reader-text\"> f\u00fcr Drei K\u00f6pfe. Eine Vision. compact K\u00e4ltetechnik erweitert Gesch\u00e4ftsf\u00fchrung und vollendet Generationswechsel<\/span><\/span><\/div><\/div><\/div><div class=\"fusion-clearfix\"><\/div><\/div>\n<\/article>\n<article id=\"blog-1-post-26814\" class=\"fusion-post-grid post-26814 post type-post status-publish format-standard has-post-thumbnail hentry category-news tag-ceo tag-generationswechsel tag-geschaeftsleitung tag-new-generation\">\n<div class=\"fusion-post-wrapper\" style=\"background-color:rgba(255,255,255,0);border:1px solid #ebeaea;border-bottom-width:3px;\">\n\n\t\t\t<div class=\"fusion-flexslider flexslider fusion-flexslider-loading fusion-post-slideshow\" style=\"border-color:#ebeaea;\">\n\t\t<ul class=\"slides\">\n\t\t\t\n\t\t\t\t\t\t\t\t\t\t\t\t\t\t<li><div  class=\"fusion-image-wrapper\" aria-haspopup=\"true\">\n\t\t\t\t\t\t\t<a href=\"https:\/\/www.compact-kaeltetechnik.de\/de\/news\/generationswechsel\/\" aria-label=\"Generationswechsel bei compact K\u00e4ltetechnik\">\n\t\t\t\t\t\t\t<img decoding=\"async\" width=\"2560\" height=\"1707\" src=\"https:\/\/www.compact-kaeltetechnik.de\/wp-content\/uploads\/2026\/03\/20231025-compact-Lutz-Hering-4-scaled.jpg\" class=\"attachment-full size-full lazyload wp-post-image\" alt=\"\" srcset=\"data:image\/svg+xml,%3Csvg%20xmlns%3D%27http%3A%2F%2Fwww.w3.org%2F2000%2Fsvg%27%20width%3D%272560%27%20height%3D%271707%27%20viewBox%3D%270%200%202560%201707%27%3E%3Crect%20width%3D%272560%27%20height%3D%271707%27%20fill-opacity%3D%220%22%2F%3E%3C%2Fsvg%3E\" data-orig-src=\"https:\/\/www.compact-kaeltetechnik.de\/wp-content\/uploads\/2026\/03\/20231025-compact-Lutz-Hering-4-scaled.jpg\" data-srcset=\"https:\/\/www.compact-kaeltetechnik.de\/wp-content\/uploads\/2026\/03\/20231025-compact-Lutz-Hering-4-200x133.jpg 200w, https:\/\/www.compact-kaeltetechnik.de\/wp-content\/uploads\/2026\/03\/20231025-compact-Lutz-Hering-4-400x267.jpg 400w, https:\/\/www.compact-kaeltetechnik.de\/wp-content\/uploads\/2026\/03\/20231025-compact-Lutz-Hering-4-600x400.jpg 600w, https:\/\/www.compact-kaeltetechnik.de\/wp-content\/uploads\/2026\/03\/20231025-compact-Lutz-Hering-4-800x533.jpg 800w, https:\/\/www.compact-kaeltetechnik.de\/wp-content\/uploads\/2026\/03\/20231025-compact-Lutz-Hering-4-1200x800.jpg 1200w, https:\/\/www.compact-kaeltetechnik.de\/wp-content\/uploads\/2026\/03\/20231025-compact-Lutz-Hering-4-scaled.jpg 2560w\" data-sizes=\"auto\" \/>\t\t\t<\/a>\n\t\t\t\t\t\t\t<\/div>\n<\/li>\n\t\t\t\n\t\t\t\n\t\t\t\t\t\t\t\t\t\t\t\t\t\t\t\t\t\t\t\t\t\t\t\t\t\t\t\t\t\t\t\t\t\t\t\t\t\t\t\t\t\t\t\t\t\t\t\t\t\t\t\t\t\t\t\t\t\t\t\t\t\t\t\t\t\t\t\t<\/ul>\n\t<\/div>\n\t<div class=\"fusion-post-content-wrapper\" style=\"padding:30px 25px 20px 25px;\"><div class=\"fusion-post-content post-content\"><h2 class=\"blog-shortcode-post-title\"><a href=\"https:\/\/www.compact-kaeltetechnik.de\/de\/news\/generationswechsel\/\">Generationswechsel bei compact K\u00e4ltetechnik<\/a><\/h2><p class=\"fusion-single-line-meta\">By <span><a href=\"https:\/\/www.compact-kaeltetechnik.de\/de\/author\/cwolf\/\" title=\"Beitr\u00e4ge von Christine Wolf\" rel=\"author\">Christine Wolf<\/a><\/span><span class=\"fusion-inline-sep\">|<\/span><span>20. M\u00e4rz 2026<\/span><span class=\"fusion-inline-sep\">|<\/span>Categories: <a href=\"https:\/\/www.compact-kaeltetechnik.de\/de\/category\/news\/\" rel=\"category tag\">News<\/a><span class=\"fusion-inline-sep\">|<\/span><span class=\"meta-tags\">Tags: <a href=\"https:\/\/www.compact-kaeltetechnik.de\/de\/tag\/ceo\/\" rel=\"tag\">CEO<\/a>, <a href=\"https:\/\/www.compact-kaeltetechnik.de\/de\/tag\/generationswechsel\/\" rel=\"tag\">Generationswechsel<\/a>, <a href=\"https:\/\/www.compact-kaeltetechnik.de\/de\/tag\/geschaeftsleitung\/\" rel=\"tag\">Gesch\u00e4ftsleitung<\/a>, <a href=\"https:\/\/www.compact-kaeltetechnik.de\/de\/tag\/new-generation\/\" rel=\"tag\">New generation<\/a><\/span><span class=\"fusion-inline-sep\">|<\/span><\/p><div class=\"fusion-content-sep sep-double sep-solid\"><\/div><div class=\"fusion-post-content-container\"><p>     Der Gesch\u00e4ftsf\u00fchrer und Gr\u00fcndungsgesellschafter Lutz [...]<\/p><\/div><\/div><div class=\"fusion-meta-info\"><div class=\"fusion-alignleft\"><a class=\"fusion-read-more\" href=\"https:\/\/www.compact-kaeltetechnik.de\/de\/news\/generationswechsel\/\" aria-label=\"More on Generationswechsel bei compact K\u00e4ltetechnik\">Read More<\/a><\/div><div class=\"fusion-alignright\"><span>Kommentare deaktiviert<span class=\"screen-reader-text\"> f\u00fcr Generationswechsel bei compact K\u00e4ltetechnik<\/span><\/span><\/div><\/div><\/div><div class=\"fusion-clearfix\"><\/div><\/div>\n<\/article>\n<article id=\"blog-1-post-26752\" class=\"fusion-post-grid post-26752 post type-post status-publish format-standard has-post-thumbnail hentry category-news tag-cmartr-tool tag-ejco2 tag-energieeffizienz tag-euroshop-2 tag-fachmesse tag-international tag-kaelte tag-kaelteanlage tag-kaeltetechnik tag-nachhaltigkeit\">\n<div class=\"fusion-post-wrapper\" style=\"background-color:rgba(255,255,255,0);border:1px solid #ebeaea;border-bottom-width:3px;\">\n\n\t\t\t<div class=\"fusion-flexslider flexslider fusion-flexslider-loading fusion-post-slideshow\" style=\"border-color:#ebeaea;\">\n\t\t<ul class=\"slides\">\n\t\t\t\n\t\t\t\t\t\t\t\t\t\t\t\t\t\t<li><div  class=\"fusion-image-wrapper\" aria-haspopup=\"true\">\n\t\t\t\t\t\t\t<a href=\"https:\/\/www.compact-kaeltetechnik.de\/de\/news\/euroshop-2026-review\/\" aria-label=\"R\u00fcckblick auf die EuroShop 2026\">\n\t\t\t\t\t\t\t<img decoding=\"async\" width=\"2560\" height=\"1707\" src=\"https:\/\/www.compact-kaeltetechnik.de\/wp-content\/uploads\/2026\/03\/Euroshop-2026-Messe-Team-scaled-e1773908554641.jpg\" class=\"attachment-full size-full lazyload wp-post-image\" alt=\"\" srcset=\"data:image\/svg+xml,%3Csvg%20xmlns%3D%27http%3A%2F%2Fwww.w3.org%2F2000%2Fsvg%27%20width%3D%272560%27%20height%3D%271707%27%20viewBox%3D%270%200%202560%201707%27%3E%3Crect%20width%3D%272560%27%20height%3D%271707%27%20fill-opacity%3D%220%22%2F%3E%3C%2Fsvg%3E\" data-orig-src=\"https:\/\/www.compact-kaeltetechnik.de\/wp-content\/uploads\/2026\/03\/Euroshop-2026-Messe-Team-scaled-e1773908554641.jpg\" data-srcset=\"https:\/\/www.compact-kaeltetechnik.de\/wp-content\/uploads\/2026\/03\/Euroshop-2026-Messe-Team-scaled-e1773908554641-200x133.jpg 200w, https:\/\/www.compact-kaeltetechnik.de\/wp-content\/uploads\/2026\/03\/Euroshop-2026-Messe-Team-scaled-e1773908554641-400x267.jpg 400w, https:\/\/www.compact-kaeltetechnik.de\/wp-content\/uploads\/2026\/03\/Euroshop-2026-Messe-Team-scaled-e1773908554641-600x400.jpg 600w, https:\/\/www.compact-kaeltetechnik.de\/wp-content\/uploads\/2026\/03\/Euroshop-2026-Messe-Team-scaled-e1773908554641-800x533.jpg 800w, https:\/\/www.compact-kaeltetechnik.de\/wp-content\/uploads\/2026\/03\/Euroshop-2026-Messe-Team-scaled-e1773908554641-1200x800.jpg 1200w, https:\/\/www.compact-kaeltetechnik.de\/wp-content\/uploads\/2026\/03\/Euroshop-2026-Messe-Team-scaled-e1773908554641.jpg 2560w\" data-sizes=\"auto\" \/>\t\t\t<\/a>\n\t\t\t\t\t\t\t<\/div>\n<\/li>\n\t\t\t\n\t\t\t\n\t\t\t\t\t\t\t\t\t\t\t\t\t\t\t\t\t\t\t\t\t\t\t\t\t\t\t\t\t\t\t\t\t\t\t\t\t\t\t\t\t\t\t\t\t\t\t\t\t\t\t\t\t\t\t\t\t\t\t\t\t\t\t\t\t\t\t\t<\/ul>\n\t<\/div>\n\t<div class=\"fusion-post-content-wrapper\" style=\"padding:30px 25px 20px 25px;\"><div class=\"fusion-post-content post-content\"><h2 class=\"blog-shortcode-post-title\"><a href=\"https:\/\/www.compact-kaeltetechnik.de\/de\/news\/euroshop-2026-review\/\">R\u00fcckblick auf die EuroShop 2026<\/a><\/h2><p class=\"fusion-single-line-meta\">By <span><a href=\"https:\/\/www.compact-kaeltetechnik.de\/de\/author\/cwolf\/\" title=\"Beitr\u00e4ge von Christine Wolf\" rel=\"author\">Christine Wolf<\/a><\/span><span class=\"fusion-inline-sep\">|<\/span><span>19. M\u00e4rz 2026<\/span><span class=\"fusion-inline-sep\">|<\/span>Categories: <a href=\"https:\/\/www.compact-kaeltetechnik.de\/de\/category\/news\/\" rel=\"category tag\">News<\/a><span class=\"fusion-inline-sep\">|<\/span><span class=\"meta-tags\">Tags: <a href=\"https:\/\/www.compact-kaeltetechnik.de\/de\/tag\/cmartr-tool\/\" rel=\"tag\">cmartR-tool<\/a>, <a href=\"https:\/\/www.compact-kaeltetechnik.de\/de\/tag\/ejco2\/\" rel=\"tag\">EJCO2<\/a>, <a href=\"https:\/\/www.compact-kaeltetechnik.de\/de\/tag\/energieeffizienz\/\" rel=\"tag\">Energieeffizienz<\/a>, <a href=\"https:\/\/www.compact-kaeltetechnik.de\/de\/tag\/euroshop-2\/\" rel=\"tag\">euroshop<\/a>, <a href=\"https:\/\/www.compact-kaeltetechnik.de\/de\/tag\/fachmesse\/\" rel=\"tag\">Fachmesse<\/a>, <a href=\"https:\/\/www.compact-kaeltetechnik.de\/de\/tag\/international\/\" rel=\"tag\">international<\/a>, <a href=\"https:\/\/www.compact-kaeltetechnik.de\/de\/tag\/kaelte\/\" rel=\"tag\">K\u00e4lte<\/a>, <a href=\"https:\/\/www.compact-kaeltetechnik.de\/de\/tag\/kaelteanlage\/\" rel=\"tag\">K\u00e4lteanlage<\/a>, <a href=\"https:\/\/www.compact-kaeltetechnik.de\/de\/tag\/kaeltetechnik\/\" rel=\"tag\">K\u00e4ltetechnik<\/a>, <a href=\"https:\/\/www.compact-kaeltetechnik.de\/de\/tag\/nachhaltigkeit\/\" rel=\"tag\">Nachhaltigkeit<\/a><\/span><span class=\"fusion-inline-sep\">|<\/span><\/p><div class=\"fusion-content-sep sep-double sep-solid\"><\/div><div class=\"fusion-post-content-container\"><p> Effizienz erleben, Nachhaltigkeit gestalten\u00a0     Was [...]<\/p><\/div><\/div><div class=\"fusion-meta-info\"><div class=\"fusion-alignleft\"><a class=\"fusion-read-more\" href=\"https:\/\/www.compact-kaeltetechnik.de\/de\/news\/euroshop-2026-review\/\" aria-label=\"More on R\u00fcckblick auf die EuroShop 2026\">Read More<\/a><\/div><div class=\"fusion-alignright\"><span>Kommentare deaktiviert<span class=\"screen-reader-text\"> f\u00fcr R\u00fcckblick auf die EuroShop 2026<\/span><\/span><\/div><\/div><\/div><div class=\"fusion-clearfix\"><\/div><\/div>\n<\/article>\n<div class=\"fusion-clearfix\"><\/div><\/div><div class=\"pagination clearfix\"><span class=\"current\">1<\/span><a href=\"https:\/\/www.compact-kaeltetechnik.de\/de\/wp-json\/wp\/v2\/pages\/5683\/page\/2\/\" class=\"inactive\">2<\/a><a class=\"pagination-next\" rel=\"next\" href=\"https:\/\/www.compact-kaeltetechnik.de\/de\/wp-json\/wp\/v2\/pages\/5683\/page\/2\/\"><span class=\"page-text\">Vor<\/span><span class=\"page-next\"><\/span><\/a><\/div><div class=\"fusion-clearfix\"><\/div><\/div><\/div><\/div><\/div><\/div>\n","protected":false},"excerpt":{"rendered":"","protected":false},"author":2,"featured_media":0,"parent":0,"menu_order":0,"comment_status":"closed","ping_status":"closed","template":"","meta":{"footnotes":""},"class_list":["post-5683","page","type-page","status-publish","hentry"],"_links":{"self":[{"href":"https:\/\/www.compact-kaeltetechnik.de\/de\/wp-json\/wp\/v2\/pages\/5683","targetHints":{"allow":["GET"]}}],"collection":[{"href":"https:\/\/www.compact-kaeltetechnik.de\/de\/wp-json\/wp\/v2\/pages"}],"about":[{"href":"https:\/\/www.compact-kaeltetechnik.de\/de\/wp-json\/wp\/v2\/types\/page"}],"author":[{"embeddable":true,"href":"https:\/\/www.compact-kaeltetechnik.de\/de\/wp-json\/wp\/v2\/users\/2"}],"replies":[{"embeddable":true,"href":"https:\/\/www.compact-kaeltetechnik.de\/de\/wp-json\/wp\/v2\/comments?post=5683"}],"version-history":[{"count":10,"href":"https:\/\/www.compact-kaeltetechnik.de\/de\/wp-json\/wp\/v2\/pages\/5683\/revisions"}],"predecessor-version":[{"id":13410,"href":"https:\/\/www.compact-kaeltetechnik.de\/de\/wp-json\/wp\/v2\/pages\/5683\/revisions\/13410"}],"wp:attachment":[{"href":"https:\/\/www.compact-kaeltetechnik.de\/de\/wp-json\/wp\/v2\/media?parent=5683"}],"curies":[{"name":"wp","href":"https:\/\/api.w.org\/{rel}","templated":true}]}}