{"id":3333,"date":"2018-08-17T12:41:16","date_gmt":"2018-08-17T10:41:16","guid":{"rendered":"https:\/\/beta.compact-kaeltetechnik.de\/?page_id=3333"},"modified":"2022-11-08T15:38:44","modified_gmt":"2022-11-08T14:38:44","slug":"pressearchiv","status":"publish","type":"page","link":"https:\/\/www.compact-kaeltetechnik.de\/de\/pressearchiv\/","title":{"rendered":"Pressearchiv"},"content":{"rendered":"<div class=\"fusion-fullwidth fullwidth-box fusion-builder-row-1 fusion-flex-container nonhundred-percent-fullwidth non-hundred-percent-height-scrolling\" style=\"--awb-border-radius-top-left:0px;--awb-border-radius-top-right:0px;--awb-border-radius-bottom-right:0px;--awb-border-radius-bottom-left:0px;--awb-flex-wrap:wrap;\" ><div class=\"fusion-builder-row fusion-row fusion-flex-align-items-flex-start fusion-flex-content-wrap\" style=\"max-width:calc( 1200px + 0px );margin-left: calc(-0px \/ 2 );margin-right: calc(-0px \/ 2 );\"><div class=\"fusion-layout-column fusion_builder_column fusion-builder-column-0 fusion_builder_column_1_1 1_1 fusion-flex-column\" style=\"--awb-bg-size:cover;--awb-width-large:100%;--awb-margin-top-large:0px;--awb-spacing-right-large:0px;--awb-margin-bottom-large:2%;--awb-spacing-left-large:0px;--awb-width-medium:100%;--awb-spacing-right-medium:0px;--awb-spacing-left-medium:0px;--awb-width-small:100%;--awb-spacing-right-small:0px;--awb-spacing-left-small:0px;\"><div class=\"fusion-column-wrapper fusion-flex-justify-content-flex-start fusion-content-layout-column\"><div class=\"fusion-text fusion-text-1\"><p><strong>05.10.2022<\/strong><\/p>\n<div class=\"ueberschrift_1\">\n<div class=\"fusion-text fusion-text-1\">\n<h3><strong>30 Jahre compact K\u00e4ltetechnik &#8211; von den ersten Schritten in der freien Marktwirtschaft zum gefragten Arbeitgeber<br \/>\n<\/strong><\/h3>\n<p>Die compact K\u00e4ltetechnik GmbH geh\u00f6rt heute zu den f\u00fchrenden Herstellern von K\u00e4ltemaschinen f\u00fcr die Lebensmittel-, Gewerbe- und Industriek\u00fchlung &#8211; Doch die Anf\u00e4nge waren nicht ganz einfach.<\/p>\n<\/div>\n<\/div>\n<p>Den kompletten Artikel k\u00f6nnen Sie <a href=\"https:\/\/www.kka-online.info\/artikel\/30-jahre-compact-kaeltetechnik_3853479.html\">hier<\/a> nachlesen.<\/p>\n<\/div><div class=\"fusion-separator fusion-full-width-sep\" style=\"align-self: center;margin-left: auto;margin-right: auto;margin-bottom:25px;width:100%;\"><div class=\"fusion-separator-border sep-single sep-solid\" style=\"--awb-height:20px;--awb-amount:20px;border-color:#e0dede;border-top-width:1px;\"><\/div><\/div><div class=\"fusion-text fusion-text-2\"><p><strong>06.11.2022<\/strong><\/p>\n<div class=\"ueberschrift_1\">\n<div class=\"fusion-text fusion-text-1\">\n<h3><strong>Ausbildungslage stabil, Dresdner Handwerker zufrieden.<br \/>\n<\/strong><\/h3>\n<p>Trotz schwieriger Wirtschaftslage investiert das Handwerk in den Fachkr\u00e4ftenachwuchs, so auch die compact K\u00e4ltetechnik GmbH.<\/p>\n<\/div>\n<\/div>\n<p>Den kompletten Artikel k\u00f6nnen Sie <a href=\"https:\/\/www.tag24.de\/dresden\/endlich-mal-eine-gute-nachricht-ausbildungslage-stabil-dresdner-handwerker-zufrieden-2656152\">hier<\/a> nachlesen.<\/p>\n<\/div><div class=\"fusion-separator fusion-full-width-sep\" style=\"align-self: center;margin-left: auto;margin-right: auto;margin-bottom:25px;width:100%;\"><div class=\"fusion-separator-border sep-single sep-solid\" style=\"--awb-height:20px;--awb-amount:20px;border-color:#e0dede;border-top-width:1px;\"><\/div><\/div><div class=\"fusion-text fusion-text-3\"><p><strong>03.06.2020<\/strong><\/p>\n<h3 class=\"ueberschrift_1\"><strong>\u201eDie M\u00f6glichmacher\u201c &#8211; KKA <span class=\"article__subtitle\">Interview mit Annett Gregor und Lutz Hering, compact K\u00e4ltetechnik<\/span><\/strong><\/h3>\n<p>In den vergangenen Jahren hat compact gro\u00dfe Investitionen get\u00e4tigt und sich personell neu aufgestellt. Zu den Hintergr\u00fcnden und Zielen \u00e4u\u00dfern sich Annett Gregor (Leiterin Personal &amp; Marketing, Prokuristin) und Lutz Hering (Gesch\u00e4ftsf\u00fchrer) im Interview mit der KKA.<\/p>\n<p>Das komplette Interview k\u00f6nnen Sie <a href=\"https:\/\/www.kka-online.info\/artikel\/kka_Die_Moeglichmacher__3538464.html\">hier<\/a> lesen.<\/p>\n<\/div><div class=\"fusion-separator fusion-full-width-sep\" style=\"align-self: center;margin-left: auto;margin-right: auto;margin-bottom:25px;width:100%;\"><div class=\"fusion-separator-border sep-single sep-solid\" style=\"--awb-height:20px;--awb-amount:20px;border-color:#e0dede;border-top-width:1px;\"><\/div><\/div><div class=\"fusion-text fusion-text-4\"><p><strong>12.05.2020<\/strong><\/p>\n<div class=\"ueberschrift_1\">\n<div class=\"fusion-text fusion-text-1\">\n<h3><strong>Christoph Brauneis, Chefredakteur der KKA, gibt einen R\u00fcckblick \u00fcber die COLD NEWS Roadshow 2020<\/strong><\/h3>\n<p>Im Januar 2020 luden die Firmen DK-K\u00e4lteanlagen, ESK Schultze, compact K\u00e4ltetechnik und Elreha an ihren Firmenstandorten zu den Cold News-Veranstaltungen ein. Erg\u00e4nzt wurde das Vortragsprogramm durch Referate der Firmen Tyczka Industrie-Gase und ecogreen. Abw\u00e4rmenutzung, F-Gas-Verordnung, CO2-K\u00e4lteanlagen, Regelung von Verbunds\u00e4tzen, \u00d6lmanagement und F\u00f6rderungen waren die spannenden Hauptthemen der Veranstaltungsreihe. Die KKA-Redaktion war bei compact K\u00e4ltetechnik am 23. Januar 2020 in Dresden vor Ort.<\/p>\n<\/div>\n<\/div>\n<p>Den kompletten Artikel k\u00f6nnen Sie <a href=\"https:\/\/www.kka-online.info\/artikel\/kka_CO2-Anlagen_sicher_planen_und_installieren_3518693.html\">hier<\/a> nachlesen.<\/p>\n<\/div><div class=\"fusion-separator fusion-full-width-sep\" style=\"align-self: center;margin-left: auto;margin-right: auto;margin-bottom:25px;width:100%;\"><div class=\"fusion-separator-border sep-single sep-solid\" style=\"--awb-height:20px;--awb-amount:20px;border-color:#e0dede;border-top-width:1px;\"><\/div><\/div><div class=\"fusion-text fusion-text-5\"><p><strong>16.10.2018<\/strong><\/p>\n<h3>Gewinner Chillventa Award Kategorie Gewerbek\u00e4lte<\/h3>\n<p>Mit dem Projekt<strong>\u00a0Biotest Next Level\u00a0<\/strong>konnten wir uns gemeinsam mit der Klima-K\u00e4lte-Reinraum GmbH (InfraSolution AG) in der Ausschreibung zum diesj\u00e4hrigen Chillventa Award\u00a0mit der Umsetzung eines zukunftsweisenden K\u00e4lteprojektes in einem Pharmazieunternehmen mit nat\u00fcrlichen K\u00e4ltemitteln erfolgreich durchsetzen.<\/p>\n<p>Den kompletten Artikel zu den Gewinnerprojekten finden Sie\u00a0<a href=\"https:\/\/www.chillventa.de\/de\/news\/presseinformationen\/chillventa-award-gewinner-mr437iorn1_pireport\">hier<\/a>.<\/p>\n<\/div><div class=\"fusion-separator fusion-full-width-sep\" style=\"align-self: center;margin-left: auto;margin-right: auto;margin-bottom:25px;width:100%;\"><div class=\"fusion-separator-border sep-single sep-solid\" style=\"--awb-height:20px;--awb-amount:20px;border-color:#e0dede;border-top-width:1px;\"><\/div><\/div><div class=\"fusion-text fusion-text-6\"><p><strong>15.08.2018<\/strong><\/p>\n<h3>Scharfensteiner Betrieb liefert K\u00e4lte f\u00fcr Supermarkt und Co.<\/h3>\n<p>Die Freie Presse war zu Besuch in unserem Werk in Scharfenstein. Peter Szalai, Leiter des Werks, berichtete \u00fcber herausfordernde Auftr\u00e4ge und die innovative Umsetzung dahinter. Mit Annett Gregor, Mitgesellschafterin &amp; Personalleiterin, sprach Mike Baldauf \u00fcber die gute wirtschaftliche Lage von compact K\u00e4ltetechnik und \u00fcber konkrete Zukunftspl\u00e4ne.<\/p>\n<p>Den Artikel der Freien Presse finden Sie\u00a0<a href=\"https:\/\/www.freiepresse.de\/erzgebirge\/aue\/scharfensteiner-betrieb-liefert-kaelte-fuer-supermarkt-und-co-artikel10286000\">hier<\/a>.<\/p>\n<\/div><div class=\"fusion-separator fusion-full-width-sep\" style=\"align-self: center;margin-left: auto;margin-right: auto;margin-bottom:25px;width:100%;\"><div class=\"fusion-separator-border sep-single sep-solid\" style=\"--awb-height:20px;--awb-amount:20px;border-color:#e0dede;border-top-width:1px;\"><\/div><\/div><div class=\"fusion-text fusion-text-7\"><p><strong>22.06.2018<\/strong><\/p>\n<h3>Dresdner K\u00e4ltespezialisten mit Zukunftspreis ausgezeichnet<\/h3>\n<p>Die Handwerkskammer Dresden hat compact zum Betrieb des Jahres gek\u00fcrt. Als Grund f\u00fcr die Ehrung f\u00fchrte der Pr\u00e4sident der Dresdner Handwerkskammer, J\u00f6rg Dittrich, vor allem den vorbildlichen Umgang mit dem Mitarbeitern an. \u201eMit kontinuierlicher Ausbildung, regelm\u00e4\u00dfiger Weiterbildung der Mitarbeiter auf Basis eines internen Qualit\u00e4tsspiegels und berufsbegleitender Qualifizierung der Mitarbeiter, etwa zum Meister, zeigt die Compact K\u00e4ltetechnik auf herausragende Art und Weise wie moderne Mitarbeitergewinnung und -bindung heute aussehen sollte\u201c<\/p>\n<p>Den Artikel der DNN finden Sie\u00a0<a href=\"http:\/\/www.dnn.de\/Dresden\/Lokales\/Dresdner-Kaeltespezialisten-mit-Zukunftspreis-ausgezeichnet\">hier<\/a>.<\/p>\n<\/div><div class=\"fusion-separator fusion-full-width-sep\" style=\"align-self: center;margin-left: auto;margin-right: auto;margin-bottom:25px;width:100%;\"><div class=\"fusion-separator-border sep-single sep-solid\" style=\"--awb-height:20px;--awb-amount:20px;border-color:#e0dede;border-top-width:1px;\"><\/div><\/div><div class=\"fusion-text fusion-text-8\"><p><strong>29.03.2018<\/strong><\/p>\n<h3>Energieeinsparungen mit *c-Ejektor von compact und Parallelverdicher<\/h3>\n<p>In den letzten Jahren wurden gro\u00dfe Anstrengungen unternommen, den Wirkungsgrad von R744-K\u00e4lteanlagen, insbesondere im transkritischen Betrieb, schrittweise zu verbessern. Dieser Entwicklung haben wir Rechnung getragen und auf Komponentenebene einen Ejektor als Bauteil entwickelt.<\/p>\n<p>Den Artikel der KKA finden Sie\u00a0<a href=\"http:\/\/www.kka-online.info\/artikel\/kka_Energieeinsparungen_mit_Ejektoren_3177105.html\">hier<\/a>.<\/p>\n<\/div><div class=\"fusion-separator fusion-full-width-sep\" style=\"align-self: center;margin-left: auto;margin-right: auto;margin-bottom:25px;width:100%;\"><div class=\"fusion-separator-border sep-single sep-solid\" style=\"--awb-height:20px;--awb-amount:20px;border-color:#e0dede;border-top-width:1px;\"><\/div><\/div><div class=\"fusion-text fusion-text-9\"><p><strong>07.05.2017<\/strong><\/p>\n<h3>Neues Produktionsgeb\u00e4ude f\u00fcr K\u00e4lteanlagen entsteht &#8211; compact feiert Richtfest f\u00fcr Neubau<\/h3>\n<p>Zum Sommerfest am 24.\u00a0Juni 2017 feierten wir unser 25-j\u00e4hriges Betriebsjubil\u00e4um. Bis dahin soll der erweiterte Firmensitz fertig sein, der am 4.\u00a0April 2017 Richtfest feierte. Die Leubener Zeitung war zu Besuch in unserem neuen Produktionsgeb\u00e4ude.\u00a0Lutz Hering, Gesch\u00e4ftsf\u00fchrer und einer der drei Gesellschafter, erinnerte an den Werdegang von compact K\u00e4ltetechnik und erkl\u00e4rt die Gr\u00fcnde f\u00fcr eine Erweiterung des Standortes.<\/p>\n<p>Den Artikel der Leubener Zeitung finden Sie\u00a0<a href=\"https:\/\/www.dresdner-stadtteilzeitungen.de\/compact-kaeltetechnik-produktionsgebaeude-richtfest-neubau\/\">hier<\/a>.<\/p>\n<\/div><div class=\"fusion-separator fusion-full-width-sep\" style=\"align-self: center;margin-left: auto;margin-right: auto;margin-bottom:25px;width:100%;\"><div class=\"fusion-separator-border sep-single sep-solid\" style=\"--awb-height:20px;--awb-amount:20px;border-color:#e0dede;border-top-width:1px;\"><\/div><\/div><div class=\"fusion-text fusion-text-10\"><p><strong>07.04.2017<\/strong><\/p>\n<h3>EDEKA Markt nutzt nat\u00fcrliche K\u00e4ltemittel &#8211;\u00a0<span class=\"article__subtitle\">\u00dcberfluteter K\u00e4lteanlagenbetrieb im Umw\u00e4lzbetrieb mit CO2<\/span><\/h3>\n<p>Die Erarbeitung des Gro\u00dfmarktes der MIOS Gro\u00dfhandel GmbH in Frankfurt\/ Oder stellte die Projektbeteiligten vor eine besondere Herausforderung. Die Aufgabe f\u00fcr die in Bochum ans\u00e4ssige Emcot Group bestand in der Umsetzung der Kundenanforderung, im gesamten Markt die K\u00e4ltelasten mit nat\u00fcrlichen K\u00e4ltemitteln abzufahren und dabei innovative Technik zu verwenden.\u00a0Die Projektleiter der Emcot Group entwickelten gemeinsam mit compact K\u00e4ltetechnik das optimal f\u00fcr dieses Projekt passende Anlagenkonzept.<\/p>\n<p>Den Artikel der KKA finden Sie\u00a0<a href=\"http:\/\/www.kka-online.info\/artikel\/kka_EDEKA-Markt_nutzt_natuerliche_Kaeltemittel_2812720.html\">hier<\/a>.<\/p>\n<\/div><div class=\"fusion-separator fusion-full-width-sep\" style=\"align-self: center;margin-left: auto;margin-right: auto;margin-bottom:25px;width:100%;\"><div class=\"fusion-separator-border sep-single sep-solid\" style=\"--awb-height:20px;--awb-amount:20px;border-color:#e0dede;border-top-width:1px;\"><\/div><\/div><div class=\"fusion-text fusion-text-11\"><p><strong>06.07.2016<\/strong><\/p>\n<h3>Dirk Leuteritz \u00fcbernimmt Vertriebsleitung<\/h3>\n<p>Dirk Leuteritz hat am 1. Juli 2016 die Vertriebsleitung der compact K\u00e4ltetechnik GmbH \u00fcbernommen. Er folgt auf Gerhard Gregor, der bis zum Jahresende aus dem aktiven Gesch\u00e4ft ausscheiden wird.<\/p>\n<p>Den kompletten Artikel finden Sie\u00a0<a href=\"https:\/\/www.diekaelte.de\/Archiv\/Meldungsarchiv\/article-720402-102988\/dirk-leuteritz-uebernimmt-vertriebsleitung-.html\">hier<\/a>.<\/p>\n<\/div><div class=\"fusion-separator fusion-full-width-sep\" style=\"align-self: center;margin-left: auto;margin-right: auto;margin-bottom:25px;width:100%;\"><div class=\"fusion-separator-border sep-single sep-solid\" style=\"--awb-height:20px;--awb-amount:20px;border-color:#e0dede;border-top-width:1px;\"><\/div><\/div><div class=\"fusion-text fusion-text-12\"><p><strong>27.05.2015<\/strong><\/p>\n<h3>Berufsschulzentrum Reichenbach &#8211; Pr\u00fcfungssituationen trainieren und CO2 Schulungsanlage erleben<\/h3>\n<p>Am 11. Mai 2015 erlebten acht Lehrlinge des 3. Ausbildungsjahres einen besonderen Berufsschultag vor Ort im Unternehmen compact K\u00e4ltetechnik GmbH in Dresden. Im Mittelpunkt stand eine Schulungsanlage f\u00fcr CO<sub>2<\/sub>-Technologie. Nach kurzer Sicherheitseinweisung wurden den Lehrlingen die Vor- und Nachteile von CO<sub>2<\/sub>\u00a0als K\u00e4ltemittel\u00a0 vorgestellt.\u00a0Nach Erl\u00e4uterungen zum subkritischen Betrieb einer Anlage wurde eine Kaskadenanlage mit R134a im Hochtemperaturkreislauf im Tieftemperaturkreislauf mit CO<sub>2<\/sub>\u00a0gef\u00fcllt, die Druckschalter eingestellt und die Anlage in Betrieb genommen. W\u00e4hrend eines anschlie\u00dfenden Betriebsrundganges erhielten die Lehrlinge Einblick in die Prozessabl\u00e4ufe w\u00e4hrend der Herstellung von K\u00e4lteanlagen.<\/p>\n<p>Den kompletten Artikel finden Sie\u00a0<a href=\"https:\/\/www.diekaelte.de\/Archiv\/Meldungsarchiv\/article-653774-102988\/pruefungssituationen-trainieren-und-co2-schulungsanlage-erleben-.html\">hier<\/a>.<\/p>\n<\/div><div class=\"fusion-separator fusion-full-width-sep\" style=\"align-self: center;margin-left: auto;margin-right: auto;margin-bottom:25px;width:100%;\"><div class=\"fusion-separator-border sep-single sep-solid\" style=\"--awb-height:20px;--awb-amount:20px;border-color:#e0dede;border-top-width:1px;\"><\/div><\/div><div class=\"fusion-text fusion-text-13\"><p><strong>01.2015<\/strong><\/p>\n<h3>Innovative K\u00e4lte-W\u00e4rme-Kopplung mit CO2-transkritischer K\u00e4lteanlage<\/h3>\n<p>Die SB\u2004Union er\u00f6ffnete Ende Mai 2014 einen neuen C\u2009+\u2009C Gro\u00dfmarkt in Fulda-Petersberg. Der Betreiber macht damit vor, was moderne K\u00e4lte- und Geb\u00e4udetechnik im Retail-Sektor heute leisten kann. Realisiert wurde die Anlage von Meilbeck als Generalunternehmer mit ma\u00dfgeschneiderten K\u00e4ltes\u00e4tzen von compact K\u00e4ltetechnik und dem Regelungssystem E*LDS von Eckelmann.<\/p>\n<p>Den kompletten Artikel finden Sie\u00a0<a href=\"https:\/\/www.diekaelte.de\/Archiv\/Heftarchiv\/article-628503-102997\/energieeffizienz-auf-der-ueberholspur-.html\">hier<\/a>.<\/p>\n<\/div><\/div><\/div><\/div><\/div>\n","protected":false},"excerpt":{"rendered":"","protected":false},"author":2,"featured_media":0,"parent":0,"menu_order":0,"comment_status":"closed","ping_status":"closed","template":"","meta":{"footnotes":""},"class_list":["post-3333","page","type-page","status-publish","hentry"],"_links":{"self":[{"href":"https:\/\/www.compact-kaeltetechnik.de\/de\/wp-json\/wp\/v2\/pages\/3333","targetHints":{"allow":["GET"]}}],"collection":[{"href":"https:\/\/www.compact-kaeltetechnik.de\/de\/wp-json\/wp\/v2\/pages"}],"about":[{"href":"https:\/\/www.compact-kaeltetechnik.de\/de\/wp-json\/wp\/v2\/types\/page"}],"author":[{"embeddable":true,"href":"https:\/\/www.compact-kaeltetechnik.de\/de\/wp-json\/wp\/v2\/users\/2"}],"replies":[{"embeddable":true,"href":"https:\/\/www.compact-kaeltetechnik.de\/de\/wp-json\/wp\/v2\/comments?post=3333"}],"version-history":[{"count":19,"href":"https:\/\/www.compact-kaeltetechnik.de\/de\/wp-json\/wp\/v2\/pages\/3333\/revisions"}],"predecessor-version":[{"id":8754,"href":"https:\/\/www.compact-kaeltetechnik.de\/de\/wp-json\/wp\/v2\/pages\/3333\/revisions\/8754"}],"wp:attachment":[{"href":"https:\/\/www.compact-kaeltetechnik.de\/de\/wp-json\/wp\/v2\/media?parent=3333"}],"curies":[{"name":"wp","href":"https:\/\/api.w.org\/{rel}","templated":true}]}}