{"id":24710,"date":"2025-07-16T10:57:25","date_gmt":"2025-07-16T08:57:25","guid":{"rendered":"https:\/\/www.compact-kaeltetechnik.de\/?page_id=24710"},"modified":"2025-09-19T14:44:24","modified_gmt":"2025-09-19T12:44:24","slug":"erklaerung-zur-barrierefreiheit","status":"publish","type":"page","link":"https:\/\/www.compact-kaeltetechnik.de\/de\/erklaerung-zur-barrierefreiheit\/","title":{"rendered":"Erkl\u00e4rung zur Barrierefreiheit"},"content":{"rendered":"<div class=\"fusion-fullwidth fullwidth-box fusion-builder-row-1 fusion-flex-container has-pattern-background has-mask-background nonhundred-percent-fullwidth non-hundred-percent-height-scrolling\" style=\"--awb-border-radius-top-left:0px;--awb-border-radius-top-right:0px;--awb-border-radius-bottom-right:0px;--awb-border-radius-bottom-left:0px;--awb-flex-wrap:wrap;\" ><div class=\"fusion-builder-row fusion-row fusion-flex-align-items-flex-start fusion-flex-content-wrap\" style=\"max-width:1248px;margin-left: calc(-4% \/ 2 );margin-right: calc(-4% \/ 2 );\"><div class=\"fusion-layout-column fusion_builder_column fusion-builder-column-0 fusion_builder_column_1_1 1_1 fusion-flex-column\" style=\"--awb-bg-size:cover;--awb-width-large:100%;--awb-margin-top-large:0px;--awb-spacing-right-large:1.92%;--awb-margin-bottom-large:2%;--awb-spacing-left-large:1.92%;--awb-width-medium:100%;--awb-order-medium:0;--awb-spacing-right-medium:1.92%;--awb-spacing-left-medium:1.92%;--awb-width-small:100%;--awb-order-small:0;--awb-spacing-right-small:1.92%;--awb-spacing-left-small:1.92%;\"><div class=\"fusion-column-wrapper fusion-column-has-shadow fusion-flex-justify-content-flex-start fusion-content-layout-column\"><div class=\"fusion-title title fusion-title-1 fusion-sep-none fusion-title-text fusion-title-size-one\" style=\"--awb-text-color:var(--awb-color7);--awb-margin-top-small:0px;--awb-margin-right-small:0px;--awb-margin-bottom-small:20px;--awb-margin-left-small:0px;--awb-font-size:40px;\"><h1 class=\"fusion-title-heading title-heading-left fusion-responsive-typography-calculated\" style=\"margin:0;font-size:1em;--fontSize:40;line-height:1.4;\">Erkl\u00e4rung zur Barrierefreiheit<\/h1><\/div><div class=\"fusion-text fusion-text-1\"><p><a href=\"https:\/\/www.compact-kaeltetechnik.de\/de\/erklaerung-zur-barrierefreiheit-in-leichter-sprache\/\">Version in Leichter Sprache<\/a><\/p>\n<p>Die compact K\u00e4ltetechnik GmbH bedient ausschlie\u00dflich Gesch\u00e4ftskunden (B2B) und ist daher gem\u00e4\u00df \u00a7 2 Absatz 2 des Barrierefreiheitsst\u00e4rkungsgesetzes (BFSG) von den gesetzlichen Vorgaben zur Barrierefreiheit ausgenommen.<\/p>\n<p>Dennoch ist uns bewusst, wie wichtig ein barrierearmer Zugang zu unseren Angeboten und insbesondere zu unserem Bewerbungsprozess ist. Daher setzen wir uns aktiv daf\u00fcr ein, H\u00fcrden abzubauen und unseren Bewerbungsprozess zuk\u00fcnftig so barrierearm wie m\u00f6glich zu gestalten.<\/p>\n<p>Sollten Sie im Rahmen einer Bewerbung auf Barrieren sto\u00dfen oder Unterst\u00fctzung ben\u00f6tigen, wenden Sie sich bitte an uns. Wir sind bestrebt, individuelle L\u00f6sungen zu finden und Sie bestm\u00f6glich zu unterst\u00fctzen.<\/p>\n<p>Unabh\u00e4ngig davon ist uns das Thema Barrierefreiheit wichtig. Wir achten bei zuk\u00fcnftigen \u00c4nderungen und Weiterentwicklungen unserer Website und digitalen Angebote darauf, Barrierefreiheit nach M\u00f6glichkeit mitzudenken und umzusetzen.<\/p>\n<p>Sollten Sie Hinweise oder Anregungen zur Barrierefreiheit haben, freuen wir uns \u00fcber Ihre R\u00fcckmeldung.<\/p>\n<p>Kontakt:<br \/>\nTelefon: <a href=\"tel:+49351207970\">+49 351 20797-0<\/a><br \/>\nE-Mail: <a href=\"mailto:mail@compact-kaeltetechnik.de\">mail@compact-kaeltetechnik.de<\/a><\/p>\n<p>Stand: Juli 2025<\/p>\n<\/div><\/div><\/div><\/div><\/div>\n","protected":false},"excerpt":{"rendered":"","protected":false},"author":13,"featured_media":0,"parent":0,"menu_order":0,"comment_status":"closed","ping_status":"closed","template":"100-width.php","meta":{"footnotes":""},"class_list":["post-24710","page","type-page","status-publish","hentry"],"_links":{"self":[{"href":"https:\/\/www.compact-kaeltetechnik.de\/de\/wp-json\/wp\/v2\/pages\/24710","targetHints":{"allow":["GET"]}}],"collection":[{"href":"https:\/\/www.compact-kaeltetechnik.de\/de\/wp-json\/wp\/v2\/pages"}],"about":[{"href":"https:\/\/www.compact-kaeltetechnik.de\/de\/wp-json\/wp\/v2\/types\/page"}],"author":[{"embeddable":true,"href":"https:\/\/www.compact-kaeltetechnik.de\/de\/wp-json\/wp\/v2\/users\/13"}],"replies":[{"embeddable":true,"href":"https:\/\/www.compact-kaeltetechnik.de\/de\/wp-json\/wp\/v2\/comments?post=24710"}],"version-history":[{"count":4,"href":"https:\/\/www.compact-kaeltetechnik.de\/de\/wp-json\/wp\/v2\/pages\/24710\/revisions"}],"predecessor-version":[{"id":24717,"href":"https:\/\/www.compact-kaeltetechnik.de\/de\/wp-json\/wp\/v2\/pages\/24710\/revisions\/24717"}],"wp:attachment":[{"href":"https:\/\/www.compact-kaeltetechnik.de\/de\/wp-json\/wp\/v2\/media?parent=24710"}],"curies":[{"name":"wp","href":"https:\/\/api.w.org\/{rel}","templated":true}]}}