{"id":13166,"date":"2023-09-29T12:24:55","date_gmt":"2023-09-29T10:24:55","guid":{"rendered":"https:\/\/www.compact-kaeltetechnik.de\/?page_id=13166"},"modified":"2025-09-19T14:43:24","modified_gmt":"2025-09-19T12:43:24","slug":"anmeldung-weihnachtsfeier2023","status":"publish","type":"page","link":"https:\/\/www.compact-kaeltetechnik.de\/de\/anmeldung-weihnachtsfeier2023\/","title":{"rendered":"Anmeldung Weihnachtsfeier 2023"},"content":{"rendered":"<div class=\"fusion-fullwidth fullwidth-box fusion-builder-row-1 fusion-flex-container has-pattern-background has-mask-background nonhundred-percent-fullwidth non-hundred-percent-height-scrolling\" style=\"--awb-border-radius-top-left:0px;--awb-border-radius-top-right:0px;--awb-border-radius-bottom-right:0px;--awb-border-radius-bottom-left:0px;--awb-margin-top:40px;--awb-margin-bottom:80px;--awb-flex-wrap:wrap;\" ><div class=\"fusion-builder-row fusion-row fusion-flex-align-items-flex-start fusion-flex-justify-content-center fusion-flex-content-wrap\" style=\"max-width:1248px;margin-left: calc(-4% \/ 2 );margin-right: calc(-4% \/ 2 );\"><div class=\"fusion-layout-column fusion_builder_column fusion-builder-column-0 fusion_builder_column_2_3 2_3 fusion-flex-column\" style=\"--awb-bg-size:cover;--awb-width-large:66.666666666667%;--awb-margin-top-large:0px;--awb-spacing-right-large:2.88%;--awb-margin-bottom-large:2%;--awb-spacing-left-large:2.88%;--awb-width-medium:100%;--awb-order-medium:0;--awb-spacing-right-medium:1.92%;--awb-spacing-left-medium:1.92%;--awb-width-small:100%;--awb-order-small:0;--awb-spacing-right-small:1.92%;--awb-spacing-left-small:1.92%;\"><div class=\"fusion-column-wrapper fusion-column-has-shadow fusion-flex-justify-content-flex-start fusion-content-layout-column\"><div class=\"fusion-title title fusion-title-1 fusion-sep-none fusion-title-center fusion-title-text fusion-title-size-one\" style=\"--awb-text-color:var(--awb-color7);--awb-margin-top-small:0px;--awb-margin-right-small:0px;--awb-margin-bottom-small:20px;--awb-margin-left-small:0px;--awb-font-size:30px;\"><h1 class=\"fusion-title-heading title-heading-center fusion-responsive-typography-calculated\" style=\"font-family:&quot;Source Sans 3&quot;;font-style:normal;font-weight:700;margin:0;font-size:1em;--fontSize:30;line-height:1.4;\">Weihnachtsfeier 2023<\/h1><\/div><div class=\"fusion-text fusion-text-1\"><p style=\"text-align: center;\"><em>Die gro\u00dfen Augenblicke sind die, in denen wir getan haben, was wir uns nie zugetraut h\u00e4tten. (Maria von Ebner-Eschenbach) <\/em><\/p>\n<p style=\"text-align: center;\">Weihnachten ist die Zeit des Miteinanders, der Wertsch\u00e4tzung und des Genusses.<br \/>\nIn diesem Jahr feiern wir in historischem Ambiente. Wir laden Euch herzlich am<\/p>\n<p style=\"text-align: center;\"><b>Freitag, den 8. Dezember 2023 ab 17. 30 Uhr<\/b><\/p>\n<p style=\"text-align: center;\">in das Kasematten-Gew\u00f6lbe unterhalb der Br\u00fchlschen Terrasse ein.<\/p>\n<\/div><div class=\"fusion-image-element \" style=\"text-align:center;--awb-margin-top:30px;--awb-margin-bottom:30px;--awb-caption-title-font-family:var(--h2_typography-font-family);--awb-caption-title-font-weight:var(--h2_typography-font-weight);--awb-caption-title-font-style:var(--h2_typography-font-style);--awb-caption-title-size:var(--h2_typography-font-size);--awb-caption-title-transform:var(--h2_typography-text-transform);--awb-caption-title-line-height:var(--h2_typography-line-height);--awb-caption-title-letter-spacing:var(--h2_typography-letter-spacing);\"><span class=\" fusion-imageframe imageframe-none imageframe-1 hover-type-none\"><img decoding=\"async\" width=\"612\" height=\"475\" alt=\"Kasematten\" src=\"https:\/\/www.compact-kaeltetechnik.de\/wp-content\/uploads\/2023\/09\/Kasematten-1.png\" data-orig-src=\"https:\/\/www.compact-kaeltetechnik.de\/wp-content\/uploads\/2023\/09\/Kasematten-1.png\" class=\"lazyload img-responsive wp-image-13196\" srcset=\"data:image\/svg+xml,%3Csvg%20xmlns%3D%27http%3A%2F%2Fwww.w3.org%2F2000%2Fsvg%27%20width%3D%27612%27%20height%3D%27475%27%20viewBox%3D%270%200%20612%20475%27%3E%3Crect%20width%3D%27612%27%20height%3D%27475%27%20fill-opacity%3D%220%22%2F%3E%3C%2Fsvg%3E\" data-srcset=\"https:\/\/www.compact-kaeltetechnik.de\/wp-content\/uploads\/2023\/09\/Kasematten-1-200x155.png 200w, https:\/\/www.compact-kaeltetechnik.de\/wp-content\/uploads\/2023\/09\/Kasematten-1-400x310.png 400w, https:\/\/www.compact-kaeltetechnik.de\/wp-content\/uploads\/2023\/09\/Kasematten-1-600x466.png 600w, https:\/\/www.compact-kaeltetechnik.de\/wp-content\/uploads\/2023\/09\/Kasematten-1.png 612w\" data-sizes=\"auto\" data-orig-sizes=\"(max-width: 1300px) 100vw, (max-width: 640px) 100vw, 612px\" \/><\/span><\/div><div class=\"fusion-separator fusion-full-width-sep\" style=\"align-self: center;margin-left: auto;margin-right: auto;margin-top:30px;margin-bottom:30px;width:100%;\"><div class=\"fusion-separator-border sep-single sep-solid\" style=\"--awb-height:20px;--awb-amount:20px;border-color:#e0dede;border-top-width:1px;\"><\/div><\/div><div class=\"fusion-text fusion-text-2\"><p>Im Gondelhafen vor den Kasematten begr\u00fc\u00dfen wir Euch ab 17.30 Uhr bei Fackelschein zu Gl\u00fchwein und gem\u00fctlichem Beisammensein.<\/p>\n<p>Um 18.30 Uhr starten wir mit einer Ansprache durch die Gesch\u00e4ftsleitung. Anschlie\u00dfend freuen wir uns auf ein leckeres Weihnachtsbuffet, spannende Gespr\u00e4che und sch\u00f6ne gemeinsame Stunden mit musikalischer Begleitung.<\/p>\n<p>Bitte informiert uns \u00fcber Eure Teilnahme bis zum <b>20. November 2023:<\/b><\/p>\n<\/div><script type=\"text\/javascript\" src=\"\/\/ma.compact-kaeltetechnik.de\/form\/generate.js?id=69\"><\/script><\/div><\/div><\/div><\/div>\n","protected":false},"excerpt":{"rendered":"","protected":false},"author":291,"featured_media":0,"parent":0,"menu_order":0,"comment_status":"closed","ping_status":"closed","template":"100-width.php","meta":{"footnotes":""},"class_list":["post-13166","page","type-page","status-publish","hentry"],"_links":{"self":[{"href":"https:\/\/www.compact-kaeltetechnik.de\/de\/wp-json\/wp\/v2\/pages\/13166","targetHints":{"allow":["GET"]}}],"collection":[{"href":"https:\/\/www.compact-kaeltetechnik.de\/de\/wp-json\/wp\/v2\/pages"}],"about":[{"href":"https:\/\/www.compact-kaeltetechnik.de\/de\/wp-json\/wp\/v2\/types\/page"}],"author":[{"embeddable":true,"href":"https:\/\/www.compact-kaeltetechnik.de\/de\/wp-json\/wp\/v2\/users\/291"}],"replies":[{"embeddable":true,"href":"https:\/\/www.compact-kaeltetechnik.de\/de\/wp-json\/wp\/v2\/comments?post=13166"}],"version-history":[{"count":17,"href":"https:\/\/www.compact-kaeltetechnik.de\/de\/wp-json\/wp\/v2\/pages\/13166\/revisions"}],"predecessor-version":[{"id":13206,"href":"https:\/\/www.compact-kaeltetechnik.de\/de\/wp-json\/wp\/v2\/pages\/13166\/revisions\/13206"}],"wp:attachment":[{"href":"https:\/\/www.compact-kaeltetechnik.de\/de\/wp-json\/wp\/v2\/media?parent=13166"}],"curies":[{"name":"wp","href":"https:\/\/api.w.org\/{rel}","templated":true}]}}