{"id":10,"date":"2017-03-29T10:46:48","date_gmt":"2017-03-29T08:46:48","guid":{"rendered":"http:\/\/compact.webzunder.de\/?page_id=10"},"modified":"2026-03-24T13:37:35","modified_gmt":"2026-03-24T12:37:35","slug":"unternehmen","status":"publish","type":"page","link":"https:\/\/www.compact-kaeltetechnik.de\/de\/unternehmen\/","title":{"rendered":"Unternehmen"},"content":{"rendered":"<p><div class=\"fusion-fullwidth fullwidth-box fusion-builder-row-1 fusion-flex-container has-pattern-background has-mask-background fusion-parallax-none nonhundred-percent-fullwidth non-hundred-percent-height-scrolling\" style=\"--awb-background-blend-mode:multiply;--awb-border-radius-top-left:0px;--awb-border-radius-top-right:0px;--awb-border-radius-bottom-right:0px;--awb-border-radius-bottom-left:0px;--awb-padding-top:170px;--awb-padding-bottom:120px;--awb-padding-top-medium:108px;--awb-padding-bottom-medium:90px;--awb-padding-left-medium:41px;--awb-padding-top-small:60px;--awb-padding-right-small:15px;--awb-padding-bottom-small:40px;--awb-padding-left-small:15px;--awb-margin-top:-40px;--awb-margin-bottom-medium:0px;--awb-background-color:rgba(35,97,146,0.7);--awb-background-image:url(&quot;https:\/\/www.compact-kaeltetechnik.de\/wp-content\/uploads\/2018\/08\/Sliderbild2_2000x893.jpg&quot;);--awb-background-size:cover;--awb-flex-wrap:wrap;\" data-preload-img=\"https:\/\/www.compact-kaeltetechnik.de\/wp-content\/uploads\/2018\/08\/Sliderbild2_2000x893.jpg\" ><div class=\"fusion-builder-row fusion-row fusion-flex-align-items-flex-start fusion-flex-content-wrap\" style=\"max-width:1248px;margin-left: calc(-4% \/ 2 );margin-right: calc(-4% \/ 2 );\"><div class=\"fusion-layout-column fusion_builder_column fusion-builder-column-0 fusion_builder_column_1_2 1_2 fusion-flex-column\" style=\"--awb-padding-right:19px;--awb-padding-right-medium:34px;--awb-bg-size:cover;--awb-width-large:50%;--awb-margin-top-large:0px;--awb-spacing-right-large:3.84%;--awb-margin-bottom-large:2%;--awb-spacing-left-large:3.84%;--awb-width-medium:100%;--awb-order-medium:0;--awb-spacing-right-medium:1.92%;--awb-spacing-left-medium:4.128%;--awb-width-small:100%;--awb-order-small:0;--awb-spacing-right-small:0%;--awb-spacing-left-small:12px;\"><div class=\"fusion-column-wrapper fusion-column-has-shadow fusion-flex-justify-content-flex-start fusion-content-layout-column\"><div class=\"fusion-title title fusion-title-1 fusion-sep-none fusion-title-text fusion-title-size-one head\" style=\"--awb-text-color:var(--awb-color1);--awb-margin-top-small:0px;--awb-margin-right-small:0px;--awb-margin-bottom-small:20px;--awb-margin-left-small:0px;--awb-font-size:56px;\"><h1 class=\"fusion-title-heading title-heading-left fusion-responsive-typography-calculated\" style=\"margin:0;text-transform:none;font-size:1em;--fontSize:56;line-height:1.3;\"><p>compact \u2013<br \/>\nwenn es um K\u00e4lte geht<\/p><\/h1><\/div><\/div><\/div><div class=\"fusion-layout-column fusion_builder_column fusion-builder-column-1 fusion_builder_column_1_2 1_2 fusion-flex-column fusion-no-small-visibility fusion-no-medium-visibility\" style=\"--awb-bg-size:cover;--awb-width-large:50%;--awb-margin-top-large:0px;--awb-spacing-right-large:3.84%;--awb-margin-bottom-large:2%;--awb-spacing-left-large:3.84%;--awb-width-medium:100%;--awb-order-medium:0;--awb-spacing-right-medium:1.92%;--awb-spacing-left-medium:1.92%;--awb-width-small:100%;--awb-order-small:0;--awb-spacing-right-small:1.92%;--awb-spacing-left-small:1.92%;\"><div class=\"fusion-column-wrapper fusion-column-has-shadow fusion-flex-justify-content-flex-start fusion-content-layout-column\"><\/div><\/div><\/div><\/div><div class=\"fusion-fullwidth fullwidth-box fusion-builder-row-2 fusion-flex-container nonhundred-percent-fullwidth non-hundred-percent-height-scrolling\" style=\"--awb-border-radius-top-left:0px;--awb-border-radius-top-right:0px;--awb-border-radius-bottom-right:0px;--awb-border-radius-bottom-left:0px;--awb-padding-top:29px;--awb-padding-top-small:21px;--awb-margin-top:40px;--awb-margin-top-medium:30px;--awb-margin-top-small:10px;--awb-flex-wrap:wrap;\" ><div class=\"fusion-builder-row fusion-row fusion-flex-align-items-flex-start fusion-flex-content-wrap\" style=\"max-width:1248px;margin-left: calc(-4% \/ 2 );margin-right: calc(-4% \/ 2 );\"><div class=\"fusion-layout-column fusion_builder_column fusion-builder-column-2 fusion_builder_column_1_2 1_2 fusion-flex-column\" style=\"--awb-bg-blend:overlay;--awb-bg-size:cover;--awb-width-large:50%;--awb-margin-top-large:0px;--awb-spacing-right-large:3.84%;--awb-margin-bottom-large:2%;--awb-spacing-left-large:3.84%;--awb-width-medium:100%;--awb-spacing-right-medium:1.92%;--awb-spacing-left-medium:1.92%;--awb-width-small:100%;--awb-spacing-right-small:1.92%;--awb-spacing-left-small:1.92%;\"><div class=\"fusion-column-wrapper fusion-flex-justify-content-flex-start fusion-content-layout-column\"><div class=\"fusion-text fusion-text-1\" style=\"--awb-text-transform:none;\"><p>Die compact K\u00e4ltetechnik GmbH ist einer der f\u00fchrenden Hersteller energieeffizienter und zukunftssicherer K\u00e4ltemaschinen in Deutsch\u00adland.<\/p>\n<p>Das 1992 gegr\u00fcndete Unternehmen konzi\u00adpiert und produziert bedarfs\u00adgerechte K\u00e4lte\u00ads\u00e4tze f\u00fcr nahezu alle Einsatzbereiche aus einer Hand \u2013 mit nat\u00fcrlichen K\u00e4ltemitteln wie CO<span style=\"font-size: smaller;\"><sub>2<\/sub><\/span>, NH<span style=\"font-size: smaller;\"><sub>3<\/sub><\/span>, Propan sowie mit allen g\u00e4n\u00adgigen synthetischen K\u00e4ltemitteln. Seit \u00fcber 30 Jahren sind die zuverl\u00e4ssigen und nachhal\u00adtigen compact-L\u00f6sungen &#8220;Made in Germany&#8221; bereits erfolgreich in der Lebensmittelk\u00fch\u00adlung, Gewerbe\u00adk\u00fch\u00adlung und der Industrie in Betrieb. Unsere K\u00e4ltetechnik-Experten be\u00adraten Sie sowohl bei Bedarf an individuell angepassten Sonder\u00adl\u00f6sungen als auch zu den bew\u00e4hrten compact Standard\u00adl\u00f6sungen und Energiekonzepten.<\/p>\n<p>An den beiden Standorten in Dresden und Scharfenstein sind gegen\u00adw\u00e4rtig ca. 150 Mitarbeitende mit Leidenschaft f\u00fcr unsere Kunden t\u00e4tig.<\/p>\n<\/div><div ><a class=\"fusion-button button-flat fusion-button-default-size button-default fusion-button-default button-1 fusion-button-default-span fusion-button-default-type\" target=\"_self\" href=\"https:\/\/ma.compact-kaeltetechnik.de\/asset\/5:compact-kaltetechnik---ihr-hersteller-fur-kalteanlagen?stream=1\"><span class=\"fusion-button-text awb-button__text awb-button__text--default\">Download Brosch\u00fcre<\/span><\/a><\/div><div class=\"fusion-separator fusion-full-width-sep\" style=\"align-self: center;margin-left: auto;margin-right: auto;margin-top:10px;margin-bottom:10px;width:100%;\"><\/div><div ><a class=\"fusion-button button-flat fusion-button-default-size button-default fusion-button-default button-2 fusion-button-default-span fusion-button-default-type\" target=\"_self\" href=\"https:\/\/vr-easy.com\/tour\/5595\/\"><span class=\"fusion-button-text awb-button__text awb-button__text--default\">360\u00b0 Rundgang<\/span><\/a><\/div><\/div><\/div><div class=\"fusion-layout-column fusion_builder_column fusion-builder-column-3 fusion_builder_column_1_2 1_2 fusion-flex-column\" style=\"--awb-bg-blend:overlay;--awb-bg-size:cover;--awb-width-large:50%;--awb-margin-top-large:0px;--awb-spacing-right-large:3.84%;--awb-margin-bottom-large:2%;--awb-spacing-left-large:3.84%;--awb-width-medium:100%;--awb-margin-top-medium:60px;--awb-spacing-right-medium:1.92%;--awb-spacing-left-medium:1.92%;--awb-width-small:100%;--awb-spacing-right-small:1.92%;--awb-spacing-left-small:1.92%;\"><div class=\"fusion-column-wrapper fusion-flex-justify-content-flex-start fusion-content-layout-column\"><div class=\"fusion-image-element \" style=\"text-align:center;--awb-caption-title-font-family:var(--h2_typography-font-family);--awb-caption-title-font-weight:var(--h2_typography-font-weight);--awb-caption-title-font-style:var(--h2_typography-font-style);--awb-caption-title-size:var(--h2_typography-font-size);--awb-caption-title-transform:var(--h2_typography-text-transform);--awb-caption-title-line-height:var(--h2_typography-line-height);--awb-caption-title-letter-spacing:var(--h2_typography-letter-spacing);\"><span class=\" fusion-imageframe imageframe-none imageframe-1 hover-type-none\"><img decoding=\"async\" width=\"1024\" height=\"684\" alt=\"Die aktuelle Gesch\u00e4ftsf\u00fchrung: Robert Lauth, Peter Szalai und Annett Gregor.\" title=\"GL-compact-K\u00e4ltetechnik-2026\" src=\"https:\/\/www.compact-kaeltetechnik.de\/wp-content\/uploads\/2026\/03\/2026-01-22_compact-Kaeltetchnik_web.jpg\" data-orig-src=\"https:\/\/www.compact-kaeltetechnik.de\/wp-content\/uploads\/2026\/03\/2026-01-22_compact-Kaeltetchnik_web-1024x684.jpg\" class=\"lazyload img-responsive wp-image-26836\" srcset=\"data:image\/svg+xml,%3Csvg%20xmlns%3D%27http%3A%2F%2Fwww.w3.org%2F2000%2Fsvg%27%20width%3D%271200%27%20height%3D%27801%27%20viewBox%3D%270%200%201200%20801%27%3E%3Crect%20width%3D%271200%27%20height%3D%27801%27%20fill-opacity%3D%220%22%2F%3E%3C%2Fsvg%3E\" data-srcset=\"https:\/\/www.compact-kaeltetechnik.de\/wp-content\/uploads\/2026\/03\/2026-01-22_compact-Kaeltetchnik_web-200x134.jpg 200w, https:\/\/www.compact-kaeltetechnik.de\/wp-content\/uploads\/2026\/03\/2026-01-22_compact-Kaeltetchnik_web-400x267.jpg 400w, https:\/\/www.compact-kaeltetechnik.de\/wp-content\/uploads\/2026\/03\/2026-01-22_compact-Kaeltetchnik_web-600x401.jpg 600w, https:\/\/www.compact-kaeltetechnik.de\/wp-content\/uploads\/2026\/03\/2026-01-22_compact-Kaeltetchnik_web-800x534.jpg 800w, https:\/\/www.compact-kaeltetechnik.de\/wp-content\/uploads\/2026\/03\/2026-01-22_compact-Kaeltetchnik_web.jpg 1200w\" data-sizes=\"auto\" data-orig-sizes=\"(max-width: 1300px) 100vw, (max-width: 640px) 100vw, 600px\" \/><\/span><\/div><div class=\"fusion-separator fusion-full-width-sep\" style=\"align-self: center;margin-left: auto;margin-right: auto;margin-bottom:20px;width:100%;\"><\/div><div class=\"fusion-text fusion-text-2\" style=\"--awb-text-transform:none;\"><p>compact K\u00e4ltetechnik GmbH<\/p>\n<p><b>Robert Lauth<\/b> (Gesch\u00e4ftsf\u00fchrung),<b> Peter Szalai<\/b> (Gesch\u00e4ftsf\u00fchrung | Leiter Werk Scharfenstein) und <b>Annett Gregor<\/b> (Gesch\u00e4ftsf\u00fchrung | Head of People &amp; Culture | Marketing)<\/p>\n<\/div><\/div><\/div><\/div><\/div><div class=\"fusion-fullwidth fullwidth-box fusion-builder-row-3 fusion-flex-container nonhundred-percent-fullwidth non-hundred-percent-height-scrolling\" style=\"--awb-border-radius-top-left:0px;--awb-border-radius-top-right:0px;--awb-border-radius-bottom-right:0px;--awb-border-radius-bottom-left:0px;--awb-padding-bottom:30px;--awb-flex-wrap:wrap;\" ><div class=\"fusion-builder-row fusion-row fusion-flex-align-items-flex-start fusion-flex-justify-content-center fusion-flex-content-wrap\" style=\"max-width:1248px;margin-left: calc(-4% \/ 2 );margin-right: calc(-4% \/ 2 );\"><div class=\"fusion-layout-column fusion_builder_column fusion-builder-column-4 fusion_builder_column_1_2 1_2 fusion-flex-column\" style=\"--awb-padding-top:30px;--awb-padding-bottom:30px;--awb-padding-top-medium:11px;--awb-padding-bottom-medium:0px;--awb-bg-blend:overlay;--awb-bg-size:cover;--awb-width-large:50%;--awb-margin-top-large:0px;--awb-spacing-right-large:3.84%;--awb-margin-bottom-large:2%;--awb-spacing-left-large:3.84%;--awb-width-medium:100%;--awb-spacing-right-medium:1.92%;--awb-spacing-left-medium:1.92%;--awb-width-small:100%;--awb-spacing-right-small:1.92%;--awb-spacing-left-small:1.92%;\"><div class=\"fusion-column-wrapper fusion-flex-justify-content-flex-start fusion-content-layout-column\"><div class=\"fusion-video fusion-youtube\" style=\"--awb-max-width:600px;--awb-max-height:360px;--awb-align-self:center;--awb-width:100%;\" data-autoplay=\"1\"><div class=\"video-shortcode\"><div class=\"fluid-width-video-wrapper\" style=\"padding-top:60%;\" > <div class=\"brlbs-cmpnt-container brlbs-cmpnt-content-blocker brlbs-cmpnt-with-individual-styles\" data-borlabs-cookie-content-blocker-id=\"youtube-content-blocker\" data-borlabs-cookie-content=\"PGlmcmFtZSB0aXRsZT0iWW91VHViZSB2aWRlbyBwbGF5ZXIgMSIgc3JjPSJodHRwczovL3d3dy55b3V0dWJlLW5vY29va2llLmNvbS9lbWJlZC9uRnU3Zy1iQXI2MD93bW9kZT10cmFuc3BhcmVudCZhdXRvcGxheT0wIiB3aWR0aD0iNjAwIiBoZWlnaHQ9IjM2MCIgYWxsb3dmdWxsc2NyZWVuIGFsbG93PSJhdXRvcGxheTsgY2xpcGJvYXJkLXdyaXRlOyBlbmNyeXB0ZWQtbWVkaWE7IGd5cm9zY29wZTsgcGljdHVyZS1pbi1waWN0dXJlOyI+PC9pZnJhbWU+PHNjcmlwdCBkYXRhLWJvcmxhYnMtY29va2llLXNjcmlwdC1ibG9ja2VyLWlnbm9yZT4KKGZ1bmN0aW9uKCkgewogICAgY29uc3QgZnVzaW9uVmlkZW8gPSBkb2N1bWVudC5jdXJyZW50U2NyaXB0LmNsb3Nlc3QoJy5mdXNpb24tdmlkZW8nKTsKICAgIGlmICghZnVzaW9uVmlkZW8gfHwgdHlwZW9mIGpRdWVyeSA9PT0gJ3VuZGVmaW5lZCcpIHsKICAgICAgICByZXR1cm47CiAgICB9CiAgICAhalF1ZXJ5KGZ1c2lvblZpZGVvKS5wYXJlbnRzKCIuZnVzaW9uLW1vZGFsIikubGVuZ3RoICYmIDEgPT0galF1ZXJ5KGZ1c2lvblZpZGVvKS5kYXRhKCJhdXRvcGxheSIpICYmIGpRdWVyeShmdXNpb25WaWRlbykuaXMoIjp2aXNpYmxlIikgJiYgalF1ZXJ5KGZ1c2lvblZpZGVvKS5maW5kKCJpZnJhbWUiKS5lYWNoKChmdW5jdGlvbiAoKSB7CiAgICAgIGpRdWVyeSh0aGlzKS5oYXNDbGFzcygibGF6eWxvYWQiKSA\/IGpRdWVyeSh0aGlzKS5vbigibGF6eWxvYWRlZCIsIChmdW5jdGlvbiAoKSB7CiAgICAgICAgdGhpcy5jb250ZW50V2luZG93LmxvY2F0aW9uLnJlcGxhY2UoalF1ZXJ5KHRoaXMpLmF0dHIoImRhdGEtb3JpZy1zcmMiKS5yZXBsYWNlKCJhdXRvcGxheT0wIiwgImF1dG9wbGF5PTEiKSkKICAgICAgfSkpIDogalF1ZXJ5KHRoaXMpLmF0dHIoInNyYyIsIGpRdWVyeSh0aGlzKS5hdHRyKCJzcmMiKS5yZXBsYWNlKCJhdXRvcGxheT0wIiwgImF1dG9wbGF5PTEiKSkKICAgIH0pKQp9KSgpOwo8L3NjcmlwdD4=\"><div class=\"brlbs-cmpnt-cb-preset-c brlbs-cmpnt-cb-youtube\"> <div class=\"brlbs-cmpnt-cb-thumbnail\" style=\"background-image: url('https:\/\/www.compact-kaeltetechnik.de\/wp-content\/uploads\/borlabs-cookie\/1\/yt_nFu7g-bAr60_hqdefault.jpg')\"><\/div> <div class=\"brlbs-cmpnt-cb-main\"> <div class=\"brlbs-cmpnt-cb-play-button\"><\/div> <div class=\"brlbs-cmpnt-cb-content\"> <p class=\"brlbs-cmpnt-cb-description\">Sie sehen gerade einen Platzhalterinhalt von <strong>YouTube<\/strong>. Um auf den eigentlichen Inhalt zuzugreifen, klicken Sie auf die Schaltfl\u00e4che unten. Bitte beachten Sie, dass dabei Daten an Drittanbieter weitergegeben werden.<\/p> <a class=\"brlbs-cmpnt-cb-provider-toggle\" href=\"#\" data-borlabs-cookie-show-provider-information role=\"button\">Mehr Informationen<\/a> <\/div> <div class=\"brlbs-cmpnt-cb-buttons\"> <a class=\"brlbs-cmpnt-cb-btn\" href=\"#\" data-borlabs-cookie-unblock role=\"button\">Inhalt entsperren<\/a> <a class=\"brlbs-cmpnt-cb-btn\" href=\"#\" data-borlabs-cookie-accept-service role=\"button\" style=\"display: inherit\">Erforderlichen Service akzeptieren und Inhalte entsperren<\/a> <\/div> <\/div> <\/div><\/div><\/div><\/div><\/div><\/div><\/div><div class=\"fusion-layout-column fusion_builder_column fusion-builder-column-5 fusion_builder_column_1_2 1_2 fusion-flex-column\" style=\"--awb-padding-top:11px;--awb-padding-top-medium:0px;--awb-padding-left-medium:10px;--awb-bg-blend:overlay;--awb-bg-size:cover;--awb-width-large:50%;--awb-margin-top-large:0px;--awb-spacing-right-large:3.84%;--awb-margin-bottom-large:2%;--awb-spacing-left-large:3.84%;--awb-width-medium:80%;--awb-spacing-right-medium:2.4%;--awb-margin-bottom-medium:30.3281px;--awb-spacing-left-medium:2.4%;--awb-width-small:100%;--awb-spacing-right-small:1.92%;--awb-spacing-left-small:1.92%;\"><div class=\"fusion-column-wrapper fusion-flex-justify-content-flex-start fusion-content-layout-column\"><div class=\"fusion-separator fusion-full-width-sep\" style=\"align-self: center;margin-left: auto;margin-right: auto;margin-top:20px;width:100%;\"><\/div><div class=\"fusion-title title fusion-title-2 fusion-sep-none fusion-title-text fusion-title-size-two\" style=\"--awb-margin-top-small:0px;--awb-margin-right-small:0px;--awb-margin-bottom-small:20px;--awb-margin-left-small:0px;\"><h2 class=\"fusion-title-heading title-heading-left fusion-responsive-typography-calculated\" style=\"margin:0;--fontSize:32;line-height:1.2;\">Von der Planung bis zur Fertigung einer K\u00e4lteanlage<\/h2><\/div><div class=\"fusion-text fusion-text-3\"><p>Wir konzipieren und fertigen Ihre K\u00e4lte\u00adanlage &#8211; speziell zugeschnitten auf Ihren individuellen Anwendungs- und Leistungs\u00adbereich. Dabei k\u00f6nnen Sie sowohl auf unsere Expertise in der Entwicklung von ma\u00dfgeschneiderten L\u00f6sungen f\u00fcr jede Anforderung zur\u00fcckgreifen als auch auf praxiserprobte Standardprodukte.<\/p>\n<p>Erhalten Sie in unserem Imagevideo exklusive Einblicke in unser Unternehmen.<\/p>\n<\/div><\/div><\/div><\/div><\/div><div class=\"fusion-fullwidth fullwidth-box fusion-builder-row-4 fusion-flex-container has-pattern-background has-mask-background nonhundred-percent-fullwidth non-hundred-percent-height-scrolling\" style=\"--awb-border-radius-top-left:0px;--awb-border-radius-top-right:0px;--awb-border-radius-bottom-right:0px;--awb-border-radius-bottom-left:0px;--awb-padding-top:48px;--awb-padding-right:30px;--awb-padding-right-medium:16px;--awb-padding-top-small:34px;--awb-margin-top-medium:0px;--awb-background-color:#f5f5f5;--awb-flex-wrap:wrap;\" ><div class=\"fusion-builder-row fusion-row fusion-flex-align-items-flex-start fusion-flex-justify-content-center fusion-flex-content-wrap\" style=\"max-width:1248px;margin-left: calc(-4% \/ 2 );margin-right: calc(-4% \/ 2 );\"><div class=\"fusion-layout-column fusion_builder_column fusion-builder-column-6 fusion_builder_column_3_4 3_4 fusion-flex-column\" style=\"--awb-bg-size:cover;--awb-width-large:75%;--awb-margin-top-large:0px;--awb-spacing-right-large:2.56%;--awb-margin-bottom-large:2%;--awb-spacing-left-large:2.56%;--awb-width-medium:100%;--awb-order-medium:0;--awb-spacing-right-medium:1.92%;--awb-spacing-left-medium:1.92%;--awb-width-small:100%;--awb-order-small:0;--awb-spacing-right-small:1.92%;--awb-spacing-left-small:1.92%;\"><div class=\"fusion-column-wrapper fusion-column-has-shadow fusion-flex-justify-content-flex-start fusion-content-layout-column\"><div class=\"fusion-title title fusion-title-3 fusion-sep-none fusion-title-center fusion-title-text fusion-title-size-three ansprech\" style=\"--awb-margin-top-small:0px;--awb-margin-right-small:0px;--awb-margin-bottom-small:20px;--awb-margin-left-small:0px;\"><h3 class=\"fusion-title-heading title-heading-center fusion-responsive-typography-calculated\" style=\"margin:0;--fontSize:24;--minFontSize:24;line-height:1.4;\">Ihre Ansprechpartnerin<\/h3><\/div><div class=\"fusion-text fusion-text-4\"><p style=\"text-align: center;\">Sie haben Fragen zu unserem Unternehmen? Sprechen Sie mich gerne an.<\/p>\n<\/div><\/div><\/div><div class=\"fusion-layout-column fusion_builder_column fusion-builder-column-7 fusion_builder_column_1_3 1_3 fusion-flex-column\" style=\"--awb-padding-top:12px;--awb-bg-size:cover;--awb-width-large:33.333333333333%;--awb-margin-top-large:0px;--awb-spacing-right-large:5.76%;--awb-margin-bottom-large:2%;--awb-spacing-left-large:5.76%;--awb-width-medium:40%;--awb-order-medium:0;--awb-spacing-right-medium:4.8%;--awb-spacing-left-medium:4.8%;--awb-width-small:100%;--awb-order-small:0;--awb-spacing-right-small:1.92%;--awb-margin-bottom-small:25px;--awb-spacing-left-small:1.92%;\"><div class=\"fusion-column-wrapper fusion-column-has-shadow fusion-flex-justify-content-flex-start fusion-content-layout-column\"><div class=\"fusion-image-element \" style=\"--awb-margin-bottom:20px;--awb-caption-title-font-family:var(--h2_typography-font-family);--awb-caption-title-font-weight:var(--h2_typography-font-weight);--awb-caption-title-font-style:var(--h2_typography-font-style);--awb-caption-title-size:var(--h2_typography-font-size);--awb-caption-title-transform:var(--h2_typography-text-transform);--awb-caption-title-line-height:var(--h2_typography-line-height);--awb-caption-title-letter-spacing:var(--h2_typography-letter-spacing);\"><span class=\" fusion-imageframe imageframe-none imageframe-2 hover-type-none\"><img decoding=\"async\" width=\"1545\" height=\"1545\" alt=\"Annett Gregor\" src=\"https:\/\/www.compact-kaeltetechnik.de\/wp-content\/uploads\/2023\/01\/Gregor.jpg\" data-orig-src=\"https:\/\/www.compact-kaeltetechnik.de\/wp-content\/uploads\/2023\/01\/Gregor.jpg\" class=\"lazyload img-responsive wp-image-9372\" srcset=\"data:image\/svg+xml,%3Csvg%20xmlns%3D%27http%3A%2F%2Fwww.w3.org%2F2000%2Fsvg%27%20width%3D%271545%27%20height%3D%271545%27%20viewBox%3D%270%200%201545%201545%27%3E%3Crect%20width%3D%271545%27%20height%3D%271545%27%20fill-opacity%3D%220%22%2F%3E%3C%2Fsvg%3E\" data-srcset=\"https:\/\/www.compact-kaeltetechnik.de\/wp-content\/uploads\/2023\/01\/Gregor-200x200.jpg 200w, https:\/\/www.compact-kaeltetechnik.de\/wp-content\/uploads\/2023\/01\/Gregor-400x400.jpg 400w, https:\/\/www.compact-kaeltetechnik.de\/wp-content\/uploads\/2023\/01\/Gregor-600x600.jpg 600w, https:\/\/www.compact-kaeltetechnik.de\/wp-content\/uploads\/2023\/01\/Gregor-800x800.jpg 800w, https:\/\/www.compact-kaeltetechnik.de\/wp-content\/uploads\/2023\/01\/Gregor-1200x1200.jpg 1200w, https:\/\/www.compact-kaeltetechnik.de\/wp-content\/uploads\/2023\/01\/Gregor.jpg 1545w\" data-sizes=\"auto\" data-orig-sizes=\"(max-width: 1300px) 100vw, (max-width: 640px) 100vw, 400px\" \/><\/span><\/div><div class=\"fusion-title title fusion-title-4 fusion-sep-none fusion-title-text fusion-title-size-three\" style=\"--awb-margin-bottom:0px;--awb-margin-top-small:0px;--awb-margin-right-small:0px;--awb-margin-bottom-small:0px;--awb-margin-left-small:0px;--awb-font-size:28px;\"><h3 class=\"fusion-title-heading title-heading-left fusion-responsive-typography-calculated\" style=\"margin:0;font-size:1em;--fontSize:28;--minFontSize:28;line-height:1.4;\"><span class=\"person-name\">Annett Gregor<\/span><\/h3><\/div><div class=\"fusion-text fusion-text-5 person\"><p>CHRO \u2013 Head of People &amp; Culture | Marketing<\/p>\n<p>Telefon: <a href=\"tel:+4935120797259\">+49 351 20797-259<\/a><\/p>\n<\/div><div class=\"fusion-social-links fusion-social-links-1\" style=\"--awb-margin-top:0px;--awb-margin-right:0px;--awb-margin-bottom:0px;--awb-margin-left:0px;--awb-box-border-top:0px;--awb-box-border-right:0px;--awb-box-border-bottom:0px;--awb-box-border-left:0px;--awb-icon-colors-hover:var(--awb-color4);--awb-box-colors-hover:var(--awb-color1);--awb-box-border-color:var(--awb-color3);--awb-box-border-color-hover:var(--awb-color4);\"><div class=\"fusion-social-networks color-type-custom\"><div class=\"fusion-social-networks-wrapper\"><a class=\"fusion-social-network-icon fusion-tooltip fusion-linkedin awb-icon-linkedin\" style=\"color:var(--awb-custom14);font-size:16px;\" data-placement=\"top\" data-title=\"LinkedIn\" data-toggle=\"tooltip\" title=\"LinkedIn\" aria-label=\"linkedin\" target=\"_blank\" rel=\"noopener noreferrer\" href=\"https:\/\/www.linkedin.com\/in\/annett-gregor-59559b107\/\"><\/a><a class=\"fusion-social-network-icon fusion-tooltip fusion-xing awb-icon-xing\" style=\"color:var(--awb-custom14);font-size:16px;\" data-placement=\"top\" data-title=\"Xing\" data-toggle=\"tooltip\" title=\"Xing\" aria-label=\"xing\" target=\"_blank\" rel=\"noopener noreferrer\" href=\"https:\/\/www.xing.com\/profile\/Annett_Gregor2\"><\/a><\/div><\/div><\/div><\/div><\/div><div class=\"fusion-layout-column fusion_builder_column fusion-builder-column-8 fusion_builder_column_2_3 2_3 fusion-flex-column\" style=\"--awb-bg-size:cover;--awb-width-large:66.666666666667%;--awb-margin-top-large:0px;--awb-spacing-right-large:2.88%;--awb-margin-bottom-large:2%;--awb-spacing-left-large:8.208%;--awb-width-medium:60%;--awb-order-medium:0;--awb-spacing-right-medium:7.04%;--awb-spacing-left-medium:7.04%;--awb-width-small:100%;--awb-order-small:0;--awb-spacing-right-small:5.76%;--awb-spacing-left-small:5.76%;\"><div class=\"fusion-column-wrapper fusion-column-has-shadow fusion-flex-justify-content-flex-start fusion-content-layout-column\"><script type=\"text\/javascript\" src=\"\/\/ma.compact-kaeltetechnik.de\/form\/generate.js?id=56\"><\/script><\/div><\/div><\/div><\/div>\n<\/p>\n","protected":false},"excerpt":{"rendered":"","protected":false},"author":12,"featured_media":0,"parent":0,"menu_order":0,"comment_status":"closed","ping_status":"closed","template":"100-width.php","meta":{"footnotes":""},"class_list":["post-10","page","type-page","status-publish","hentry"],"_links":{"self":[{"href":"https:\/\/www.compact-kaeltetechnik.de\/de\/wp-json\/wp\/v2\/pages\/10","targetHints":{"allow":["GET"]}}],"collection":[{"href":"https:\/\/www.compact-kaeltetechnik.de\/de\/wp-json\/wp\/v2\/pages"}],"about":[{"href":"https:\/\/www.compact-kaeltetechnik.de\/de\/wp-json\/wp\/v2\/types\/page"}],"author":[{"embeddable":true,"href":"https:\/\/www.compact-kaeltetechnik.de\/de\/wp-json\/wp\/v2\/users\/12"}],"replies":[{"embeddable":true,"href":"https:\/\/www.compact-kaeltetechnik.de\/de\/wp-json\/wp\/v2\/comments?post=10"}],"version-history":[{"count":116,"href":"https:\/\/www.compact-kaeltetechnik.de\/de\/wp-json\/wp\/v2\/pages\/10\/revisions"}],"predecessor-version":[{"id":26899,"href":"https:\/\/www.compact-kaeltetechnik.de\/de\/wp-json\/wp\/v2\/pages\/10\/revisions\/26899"}],"wp:attachment":[{"href":"https:\/\/www.compact-kaeltetechnik.de\/de\/wp-json\/wp\/v2\/media?parent=10"}],"curies":[{"name":"wp","href":"https:\/\/api.w.org\/{rel}","templated":true}]}}